{"id":10480,"date":"2021-03-26T16:57:28","date_gmt":"2021-03-26T19:57:28","guid":{"rendered":"https:\/\/zepaiva.com\/?page_id=10480"},"modified":"2025-02-08T21:31:44","modified_gmt":"2025-02-08T21:31:44","slug":"home","status":"publish","type":"page","link":"https:\/\/zepaiva.com\/en\/home\/","title":{"rendered":"antigahome"},"content":{"rendered":"<p class=\"has-text-align-left\">Z\u00e9 Paiva has been a professional photographer since 1984. He has worked in photojournalism and advertising photography, but since 2004 he has dedicated his time to his personal and artistic work, photo expeditions and workshops. <\/p>\n\n\n\n<figure class=\"wp-block-image size-full is-style-default\"><a href=\"https:\/\/zepaiva.com\/en\/biografia\/\"><img decoding=\"async\" src=\"https:\/\/zepaiva.wordpress.com\/wp-content\/uploads\/2021\/03\/ze-paiva-jplucena-3-1.jpg\" alt=\"\" class=\"wp-image-10484\" \/><\/a><\/figure>\n\n\n\n<div class=\"wp-block-buttons is-layout-flex wp-block-buttons-is-layout-flex\">\n<div class=\"wp-block-button\"><a class=\"wp-block-button__link has-background\" href=\"https:\/\/zepaiva.com\/en\/biografia\/\" style=\"background-color:#c4821e;\"><strong>biografia<\/strong><\/a><\/div>\n<\/div>\n\n\n\n<hr class=\"wp-block-separator is-style-dots\" \/>\n\n\n\n<h2 class=\"wp-block-heading\">PROJETOS<\/h2>\n\n\n\n<figure class=\"wp-block-image size-full is-style-default\"><a href=\"https:\/\/zepaiva.com\/en\/galerias\/\"><img decoding=\"async\" src=\"https:\/\/zepaiva.wordpress.com\/wp-content\/uploads\/2021\/03\/cropped-vista17d01277-1.jpg\" alt=\"\" class=\"wp-image-10432\" \/><\/a><\/figure>\n\n\n\n<p class=\"has-text-align-left\">Z\u00e9 j\u00e1 desenvolveu diversos projetos. Alguns resultaram em livros, outros em exposi\u00e7\u00f5es fotogr\u00e1ficas. Em todos os projetos ele procura que, de alguma forma, eles tragam benef\u00edcios aos seres e ao planeta Terra. Por isso, um tema recorrente do seu trabalho \u00e9 a natureza &#8211; mas ele tamb\u00e9m tem um trabalho premiado na \u00e1rea de retratos. Clique abaixo para ver alguns de seus projetos. Se voc\u00ea quiser colocar uma das fotografias de Z\u00e9 Paiva na parede da sua casa, clique em fine-art abaixo para saber como funciona.<\/p>\n\n\n\n<div class=\"wp-block-buttons is-layout-flex wp-block-buttons-is-layout-flex\">\n<div class=\"wp-block-button\"><a class=\"wp-block-button__link has-background\" href=\"https:\/\/zepaiva.com\/en\/galerias\/\" style=\"background-color:#2480a8;\"><strong>Galleries<\/strong><\/a><\/div>\n\n\n\n<div class=\"wp-block-button\"><a class=\"wp-block-button__link has-background\" href=\"https:\/\/zepaiva.com\/en\/fineart\/\" style=\"background-color:#2480a8;\"><strong>FINE ART<\/strong><\/a><\/div>\n<\/div>\n\n\n\n<hr class=\"wp-block-separator aligncenter is-style-dots\" \/>\n\n\n\n<h2 class=\"wp-block-heading\">photographic expeditions.<\/h2>\n\n\n\n<figure class=\"wp-block-image size-full is-style-default\"><a href=\"https:\/\/zepaiva.com\/en\/agenda\/\"><img decoding=\"async\" src=\"https:\/\/zepaiva.wordpress.com\/wp-content\/uploads\/2021\/03\/vista17d01238-2-1.jpg\" alt=\"\" class=\"wp-image-10497\" \/><\/a><\/figure>\n\n\n\n<p class=\"has-text-align-left\">Outra de suas especialidades \u00e9 organizar expedi\u00e7\u00f5es fotogr\u00e1ficas para os lugares mais lindos do Brasil. Imersos na natureza, os expedicion\u00e1rios usufruem de um planejamento que prioriza as oportunidades fotogr\u00e1ficas e, al\u00e9m disso, das dicas e orienta\u00e7\u00e3o do Z\u00e9 Paiva. Veja abaixo nossa programa\u00e7\u00e3o.<\/p>\n\n\n\n<div class=\"wp-block-buttons is-layout-flex wp-block-buttons-is-layout-flex\">\n<div class=\"wp-block-button\"><a class=\"wp-block-button__link has-background\" href=\"https:\/\/zepaiva.com\/en\/agenda\/\" style=\"background-color:#3ba1cd;\"><strong>agenda de expedi\u00e7\u00f5es<\/strong><\/a><\/div>\n<\/div>\n\n\n\n<p><\/p>\n\n\n\n<p class=\"has-text-align-left\">\u201cJ\u00e1 fiz outras expedi\u00e7\u00f5es e posso afirmar que as paisagens s\u00e3o de tirar o f\u00f4lego, al\u00e9m da cuidadosa condu\u00e7\u00e3o das atividades pelo Z\u00e9 Paiva. A melhor parte \u00e9 que, al\u00e9m de ter um renomado fot\u00f3grafo nos ensinando no dia a dia, agora tamb\u00e9m posso dizer que tenho um grande amigo.\u201d<\/p>\n\n\n\n<p class=\"has-text-align-left\"><em>Giuliano Breda, Curitiba.<\/em><\/p>\n\n\n\n<div class=\"wp-block-buttons is-layout-flex wp-block-buttons-is-layout-flex\">\n<div class=\"wp-block-button\"><a class=\"wp-block-button__link has-background\" href=\"https:\/\/zepaiva.com\/en\/agenda\/depoimentos\/\" style=\"background-color:#3ca4d0;\"><strong>Veja mais depoimentos<\/strong><\/a><\/div>\n<\/div>\n\n\n\n<hr class=\"wp-block-separator aligncenter is-style-dots\" \/>\n\n\n\n<h2 class=\"wp-block-heading\">O QUE MAIS?<\/h2>\n\n\n\n<figure class=\"wp-block-image size-full is-style-default\"><a href=\"\/en\/zepaiva.com\/servicos\/\"><img decoding=\"async\" src=\"https:\/\/zepaiva.wordpress.com\/wp-content\/uploads\/2021\/03\/cropped-vista18d05786-2.jpg\" alt=\"\" class=\"wp-image-10408\" \/><\/a><\/figure>\n\n\n\n<p>Se voc\u00ea quiser saber o que mais o Z\u00e9 faz, clique em servi\u00e7os abaixo.<\/p>\n\n\n\n<div class=\"wp-block-buttons is-layout-flex wp-block-buttons-is-layout-flex\">\n<div class=\"wp-block-button is-style-fill\"><a class=\"wp-block-button__link has-background\" href=\"https:\/\/zepaiva.com\/en\/servicos\/\" style=\"background-color:#b2383a;\"><strong>SE<span class=\"uppercase\">RVI\u00c7OS<\/span><\/strong><\/a><\/div>\n<\/div>\n\n\n\n<p><\/p>","protected":false},"excerpt":{"rendered":"<p>Z\u00e9 Paiva \u00e9 fot\u00f3grafo profissional desde 1984. J\u00e1 trabalhou com fotojornalismo e fotografia publicit\u00e1ria mas desde 2004 dedica seu tempo \u00e0 fotografia autoral, expedi\u00e7\u00f5es fotogr\u00e1ficas e oficinas. PROJETOS Z\u00e9 j\u00e1 desenvolveu diversos projetos. Alguns resultaram em livros, outros em exposi\u00e7\u00f5es fotogr\u00e1ficas. Em todos os projetos ele procura que, de alguma forma, eles tragam benef\u00edcios aos &hellip; <a href=\"https:\/\/zepaiva.com\/en\/home\/\" class=\"more-link\">Continue reading <span class=\"screen-reader-text\">antigahome<\/span> <span class=\"meta-nav\">&rarr;<\/span><\/a><\/p>","protected":false},"author":1,"featured_media":10434,"parent":0,"menu_order":0,"comment_status":"closed","ping_status":"closed","template":"","meta":{"footnotes":""},"class_list":["post-10480","page","type-page","status-publish","has-post-thumbnail","hentry"],"jetpack_sharing_enabled":true,"_links":{"self":[{"href":"https:\/\/zepaiva.com\/en\/wp-json\/wp\/v2\/pages\/10480","targetHints":{"allow":["GET"]}}],"collection":[{"href":"https:\/\/zepaiva.com\/en\/wp-json\/wp\/v2\/pages"}],"about":[{"href":"https:\/\/zepaiva.com\/en\/wp-json\/wp\/v2\/types\/page"}],"author":[{"embeddable":true,"href":"https:\/\/zepaiva.com\/en\/wp-json\/wp\/v2\/users\/1"}],"replies":[{"embeddable":true,"href":"https:\/\/zepaiva.com\/en\/wp-json\/wp\/v2\/comments?post=10480"}],"version-history":[{"count":2,"href":"https:\/\/zepaiva.com\/en\/wp-json\/wp\/v2\/pages\/10480\/revisions"}],"predecessor-version":[{"id":16129,"href":"https:\/\/zepaiva.com\/en\/wp-json\/wp\/v2\/pages\/10480\/revisions\/16129"}],"wp:featuredmedia":[{"embeddable":true,"href":"https:\/\/zepaiva.com\/en\/wp-json\/"}],"wp:attachment":[{"href":"https:\/\/zepaiva.com\/en\/wp-json\/wp\/v2\/media?parent=10480"}],"curies":[{"name":"wp","href":"https:\/\/api.w.org\/{rel}","templated":true}]}}