{"id":10781,"date":"2025-01-27T16:02:04","date_gmt":"2025-01-27T16:02:04","guid":{"rendered":"https:\/\/zepaiva.com\/?page_id=10781"},"modified":"2025-03-17T20:38:07","modified_gmt":"2025-03-17T20:38:07","slug":"biografia","status":"publish","type":"page","link":"https:\/\/zepaiva.com\/en\/biografia\/","title":{"rendered":"Biography"},"content":{"rendered":"<div data-elementor-type=\"wp-page\" data-elementor-id=\"10781\" class=\"elementor elementor-10781\" data-elementor-post-type=\"page\">\n\t\t\t\t<div data-particle_enable=\"false\" data-particle-mobile-disabled=\"false\" class=\"elementor-element elementor-element-1a030ad e-flex e-con-boxed e-con e-parent\" data-id=\"1a030ad\" data-element_type=\"container\" data-settings=\"{&quot;background_background&quot;:&quot;classic&quot;}\">\n\t\t\t\t\t<div class=\"e-con-inner\">\n\t\t\t\t<div class=\"elementor-element elementor-element-338ab86 elementor-widget elementor-widget-heading\" data-id=\"338ab86\" data-element_type=\"widget\" data-widget_type=\"heading.default\">\n\t\t\t\t<div class=\"elementor-widget-container\">\n\t\t\t\t\t<h1 class=\"elementor-heading-title elementor-size-default\">Biography<\/h1>\t\t\t\t<\/div>\n\t\t\t\t<\/div>\n\t\t\t\t\t<\/div>\n\t\t\t\t<\/div>\n\t\t<div data-particle_enable=\"false\" data-particle-mobile-disabled=\"false\" class=\"elementor-element elementor-element-8d6bfba e-flex e-con-boxed e-con e-parent\" data-id=\"8d6bfba\" data-element_type=\"container\">\n\t\t\t\t\t<div class=\"e-con-inner\">\n\t\t<div data-particle_enable=\"false\" data-particle-mobile-disabled=\"false\" class=\"elementor-element elementor-element-1d563bc e-con-full e-flex e-con e-child\" data-id=\"1d563bc\" data-element_type=\"container\">\n\t\t\t\t<div class=\"elementor-element elementor-element-1ce85c1 elementor-widget__width-initial elementor-widget elementor-widget-heading\" data-id=\"1ce85c1\" data-element_type=\"widget\" data-widget_type=\"heading.default\">\n\t\t\t\t<div class=\"elementor-widget-container\">\n\t\t\t\t\t<h2 class=\"elementor-heading-title elementor-size-default\">Z\u00e9 paiva<\/h2>\t\t\t\t<\/div>\n\t\t\t\t<\/div>\n\t\t\t\t<div class=\"elementor-element elementor-element-a33e0f2 elementor-widget elementor-widget-text-editor\" data-id=\"a33e0f2\" data-element_type=\"widget\" data-widget_type=\"text-editor.default\">\n\t\t\t\t<div class=\"elementor-widget-container\">\n\t\t\t\t\t\t\t\t\t<p>I was born in 1961 and have been a professional photographer since 1984. I studied Mechanical Engineering in Porto Alegre, Rio Grande do Sul, south of Brazil, where I was born. In 1983, after graduating, I got my backpack and took a long trip through Europe and North Africa. When I got back, I had decided that I wasn't going to be an engineer, but I didn't really know what to do. I had several plans, but after three months I was already doing an internship at the branch of the newspaper \u201cO Globo\u201d in Porto Alegre. There I learned about black and white photography with Eduardo Vieira da Cunha, now a renowned painter, and Baru Derquin, a photographer from Bag\u00e9 (my family's hometown). I worked for some time at the newspaper Zero Hora and in 1985 I moved to Florian\u00f3polis. The idea was to work at the newspaper that the RBS group was going to open in Florian\u00f3polis, the Di\u00e1rio Catarinense.<\/p>\t\t\t\t\t\t\t\t<\/div>\n\t\t\t\t<\/div>\n\t\t\t\t<div class=\"elementor-element elementor-element-f1a5862 elementor-widget elementor-widget-image\" data-id=\"f1a5862\" data-element_type=\"widget\" data-widget_type=\"image.default\">\n\t\t\t\t<div class=\"elementor-widget-container\">\n\t\t\t\t\t\t\t\t\t\t\t\t\t\t\t<img fetchpriority=\"high\" decoding=\"async\" width=\"635\" height=\"423\" src=\"https:\/\/zepaiva.com\/wp-content\/uploads\/2025\/02\/PERFIL-1.jpg\" class=\"attachment-large size-large wp-image-16151\" alt=\"\" srcset=\"https:\/\/zepaiva.com\/wp-content\/uploads\/2025\/02\/PERFIL-1.jpg 635w, https:\/\/zepaiva.com\/wp-content\/uploads\/2025\/02\/PERFIL-1-300x200.jpg 300w, https:\/\/zepaiva.com\/wp-content\/uploads\/2025\/02\/PERFIL-1-600x400.jpg 600w\" sizes=\"(max-width: 635px) 100vw, 635px\" \/>\t\t\t\t\t\t\t\t\t\t\t\t\t\t\t<\/div>\n\t\t\t\t<\/div>\n\t\t\t\t<div class=\"elementor-element elementor-element-f4e0326 elementor-widget elementor-widget-text-editor\" data-id=\"f4e0326\" data-element_type=\"widget\" data-widget_type=\"text-editor.default\">\n\t\t\t\t<div class=\"elementor-widget-container\">\n\t\t\t\t\t\t\t\t\t<p>Self-portrait Costa da Lagoa, Florian\u00f3polis 2023.<\/p>\t\t\t\t\t\t\t\t<\/div>\n\t\t\t\t<\/div>\n\t\t\t\t<div class=\"elementor-element elementor-element-9e01678 elementor-widget elementor-widget-text-editor\" data-id=\"9e01678\" data-element_type=\"widget\" data-widget_type=\"text-editor.default\">\n\t\t\t\t<div class=\"elementor-widget-container\">\n\t\t\t\t\t\t\t\t\t<p><span style=\"font-weight: 400;\">I documented the construction work to open the newspaper, but after a few months I met an advertising executive and discovered that there was a shortage of photographers in this area in the city. Since I had completed an internship at a studio in Porto Alegre, I took the risk of opening my own in Florian\u00f3polis, and it worked out. For many years I dedicated myself to advertising photography, doing major national campaigns. After many years, I got tired of the studio routine. I led a \u201cdouble life\u201d, because during the week I was an advertising photographer and on the weekends I took nature photographs as a hobby.<\/span><\/p><p><span style=\"font-weight: 400;\">During this period, I taught photography at the State University of Santa Catarina (UDESC) for the arts course. I finally decided to change my life and invest in my own work. It was a slow and gradual change. I have already released five books. The first, published by Editora Escrituras, is called Santa Catarina Cores e Sentimentos. The second, a personal project, was published by Editora Letras Contempor\u00e2neas in 2005, with the title \u201cExpedi\u00e7\u00e3o Natureza Santa Catarina.\u201d The third book came out in 2008, a joint publication between<\/span><a href=\"http:\/\/www.vistaimagens.com.br\">\u00a0<\/a><a href=\"http:\/\/www.vistaimagens.com.br\" target=\"_blank\" rel=\"noopener\">Vista<\/a><span style=\"font-weight: 400;\">, my company, and Editora<\/span><a href=\"http:\/\/www.metalivros.com.br\/\" target=\"_blank\" rel=\"noopener\"> <span style=\"font-weight: 400;\">Metalivros<\/span><\/a><span style=\"font-weight: 400;\"> de S\u00e3o Paulo, e chama-se Expedi\u00e7\u00e3o Natureza Ga\u00facha. Em 2012 lancei o quarto livro, chamado Expedi\u00e7\u00e3o Natureza Tocantins. <a href=\"https:\/\/expedicaonaturezadailha.zepaiva.com\/\" target=\"_blank\" rel=\"noopener\">O quinto livro saiu em 2024 e se chama Expedi\u00e7\u00e3o Natureza da Ilha<\/a>. J\u00e1 expus meu trabalho em v\u00e1rias cidades do Brasil mas destaco o projeto \u201cBichos do Sul\u201d, em parceria com o SESC, que circulou por 20 cidades de Santa Catarina e foi visto por mais de 70 mil pessoas.<\/span><\/p><p><span style=\"font-weight: 400;\">In 2009, three photos from the book Expedi\u00e7\u00e3o Natureza Ga\u00facha were selected for the<\/span><a href=\"https:\/\/masp.org.br\/exposicoes\/17a-edicao-80-anos-da-pirelli-no-brasil\" target=\"_blank\" rel=\"noopener\"> <span style=\"font-weight: 400;\">Pirelli Masp Collection<\/span><\/a><span style=\"font-weight: 400;\"> and five photos were finalists for the<\/span><a href=\"https:\/\/www.fcw.org.br\/premiofotografia\" target=\"_blank\" rel=\"noopener\"> <span style=\"font-weight: 400;\">Conrado Wessel Award.<\/span><\/a><span style=\"font-weight: 400;\">In 2012, I was awarded the<\/span><a href=\"https:\/\/zepaiva.com\/en\/premio-marc-ferrez\/\" target=\"_blank\" rel=\"noopener\"> <span style=\"font-weight: 400;\">Marc Ferrez Award by FUNARTE<\/span><\/a><span style=\"font-weight: 400;\"> for the project \u201cIluminados - personagens da Ilha de Santa Catarina\u201d, which I exhibited in 2013 at MASC, the Santa Catarina Art Museum. In addition to books and exhibition projects, I license my photos through<\/span><a href=\"http:\/\/www.pulsarimagens.com.br\/foto-video\/zp?procurar=zp&amp;tipo=0&amp;direito-imagem=&amp;autorizacao-imagem=&amp;depois-ano=&amp;anterior-ano=&amp;orientacao=&amp;tipo-video=&amp;autor=&amp;pais=&amp;estado=&amp;cidade=&amp;regiao=&amp;pagina=1&amp;id=0&amp;codigo-imagem=0&amp;ordenar=3\" target=\"_blank\" rel=\"noopener\"> <span style=\"font-weight: 400;\">Pulsar Imagens<\/span><\/a><span style=\"font-weight: 400;\">, sell<\/span><a href=\"https:\/\/zepaiva.com\/en\/fineart\/\" target=\"_blank\" rel=\"noopener\"> <span style=\"font-weight: 400;\">fine art photographs<\/span><\/a><span style=\"font-weight: 400;\"> and organize<\/span><a href=\"https:\/\/zepaiva.com\/en\/expedicoes-e-oficinas\/\" target=\"_blank\" rel=\"noopener\"> <span style=\"font-weight: 400;\">photographic expeditions.<\/span><\/a><span style=\"font-weight: 400;\">Download the full resume in<\/span><a href=\"https:\/\/zepaiva.com\/wp-content\/uploads\/2025\/02\/2025_english_resume.pdf\"> <span style=\"font-weight: 400;\">PDF<\/span><\/a><span style=\"font-weight: 400;\">.<\/span><\/p>\t\t\t\t\t\t\t\t<\/div>\n\t\t\t\t<\/div>\n\t\t\t\t<\/div>\n\t\t\t\t\t<\/div>\n\t\t\t\t<\/div>\n\t\t<div data-particle_enable=\"false\" data-particle-mobile-disabled=\"false\" class=\"elementor-element elementor-element-21122a7 e-con-full e-flex e-con e-parent\" data-id=\"21122a7\" data-element_type=\"container\" data-settings=\"{&quot;background_background&quot;:&quot;classic&quot;}\">\n\t\t\t\t<\/div>\n\t\t<div data-particle_enable=\"false\" data-particle-mobile-disabled=\"false\" class=\"elementor-element elementor-element-b3a135b e-flex e-con-boxed e-con e-parent\" data-id=\"b3a135b\" data-element_type=\"container\" id=\"livros\" data-settings=\"{&quot;background_background&quot;:&quot;classic&quot;}\">\n\t\t\t\t\t<div class=\"e-con-inner\">\n\t\t<div data-particle_enable=\"false\" data-particle-mobile-disabled=\"false\" class=\"elementor-element elementor-element-9600e41 e-con-full e-flex e-con e-child\" data-id=\"9600e41\" data-element_type=\"container\">\n\t\t\t\t<div class=\"elementor-element elementor-element-1036811 elementor-widget__width-inherit elementor-widget elementor-widget-heading\" data-id=\"1036811\" data-element_type=\"widget\" data-widget_type=\"heading.default\">\n\t\t\t\t<div class=\"elementor-widget-container\">\n\t\t\t\t\t<h2 class=\"elementor-heading-title elementor-size-default\">LIVROS<\/h2>\t\t\t\t<\/div>\n\t\t\t\t<\/div>\n\t\t\t\t<div class=\"elementor-element elementor-element-7a05e57 elementor-widget__width-initial elementor-widget elementor-widget-text-editor\" data-id=\"7a05e57\" data-element_type=\"widget\" data-widget_type=\"text-editor.default\">\n\t\t\t\t<div class=\"elementor-widget-container\">\n\t\t\t\t\t\t\t\t\t<p><span style=\"font-weight: 400;\">Z\u00e9 Paiva has published 4 original books. They form the Expedi\u00e7\u00e3o Natureza series. The inspiration came from the naturalist expeditions of the 18th century, which combined art and science to portray nature and its inhabitants. All the books are hardcover with 144 pages, a closed format of 30 x 28 cm, printed on matte coated paper, and designed by graphic designer Oscar Rivas.<\/span><\/p>\t\t\t\t\t\t\t\t<\/div>\n\t\t\t\t<\/div>\n\t\t\t\t<\/div>\n\t\t<div data-particle_enable=\"false\" data-particle-mobile-disabled=\"false\" class=\"elementor-element elementor-element-3895498 e-con-full e-flex e-con e-child\" data-id=\"3895498\" data-element_type=\"container\">\n\t\t\t\t<div class=\"elementor-element elementor-element-ea3b3c7 elementor-widget elementor-widget-image\" data-id=\"ea3b3c7\" data-element_type=\"widget\" data-widget_type=\"image.default\">\n\t\t\t\t<div class=\"elementor-widget-container\">\n\t\t\t\t\t\t\t\t\t\t\t\t\t\t\t<img decoding=\"async\" width=\"700\" height=\"334\" src=\"https:\/\/zepaiva.com\/wp-content\/uploads\/2025\/02\/livroIlha-1024x489.png\" class=\"attachment-large size-large wp-image-16145\" alt=\"\" srcset=\"https:\/\/zepaiva.com\/wp-content\/uploads\/2025\/02\/livroIlha-1024x489.png 1024w, https:\/\/zepaiva.com\/wp-content\/uploads\/2025\/02\/livroIlha-300x143.png 300w, https:\/\/zepaiva.com\/wp-content\/uploads\/2025\/02\/livroIlha-768x367.png 768w, https:\/\/zepaiva.com\/wp-content\/uploads\/2025\/02\/livroIlha-700x334.png 700w, https:\/\/zepaiva.com\/wp-content\/uploads\/2025\/02\/livroIlha-837x400.png 837w, https:\/\/zepaiva.com\/wp-content\/uploads\/2025\/02\/livroIlha.png 1105w\" sizes=\"(max-width: 700px) 100vw, 700px\" \/>\t\t\t\t\t\t\t\t\t\t\t\t\t\t\t<\/div>\n\t\t\t\t<\/div>\n\t\t\t\t<\/div>\n\t\t<div data-particle_enable=\"false\" data-particle-mobile-disabled=\"false\" class=\"elementor-element elementor-element-3f3f3f0 e-con-full e-flex e-con e-child\" data-id=\"3f3f3f0\" data-element_type=\"container\">\n\t\t\t\t<div class=\"elementor-element elementor-element-8b41072 elementor-widget elementor-widget-heading\" data-id=\"8b41072\" data-element_type=\"widget\" data-widget_type=\"heading.default\">\n\t\t\t\t<div class=\"elementor-widget-container\">\n\t\t\t\t\t<h2 class=\"elementor-heading-title elementor-size-default\">Santa Catarina Nature Expedition<\/h2>\t\t\t\t<\/div>\n\t\t\t\t<\/div>\n\t\t\t\t<div class=\"elementor-element elementor-element-163426a elementor-widget__width-initial elementor-widget elementor-widget-text-editor\" data-id=\"163426a\" data-element_type=\"widget\" data-widget_type=\"text-editor.default\">\n\t\t\t\t<div class=\"elementor-widget-container\">\n\t\t\t\t\t\t\t\t\t<p><span style=\"font-weight: 400;\">The book features nearly 300 photographs. The texts by environmental consultant Adriana Dias present the scientific aspects of Santa Catarina's nature. Writer and editor F\u00e1bio Br\u00fcggemann wrote the foreword.<\/span><\/p>\t\t\t\t\t\t\t\t<\/div>\n\t\t\t\t<\/div>\n\t\t\t\t<div class=\"elementor-element elementor-element-a1cc166 elementor-widget elementor-widget-text-editor\" data-id=\"a1cc166\" data-element_type=\"widget\" data-widget_type=\"text-editor.default\">\n\t\t\t\t<div class=\"elementor-widget-container\">\n\t\t\t\t\t\t\t\t\t<p><a style=\"color: #bcbaff; text-decoration: underline;\" href=\"https:\/\/zepaiva.com\/en\/galerias\/#expedicaonaturezadailha\">Click here to access the book gallery<\/a><\/p>\t\t\t\t\t\t\t\t<\/div>\n\t\t\t\t<\/div>\n\t\t\t\t<\/div>\n\t\t<div data-particle_enable=\"false\" data-particle-mobile-disabled=\"false\" class=\"elementor-element elementor-element-86e330c e-con-full e-flex e-con e-child\" data-id=\"86e330c\" data-element_type=\"container\">\n\t\t\t\t<div class=\"elementor-element elementor-element-1d9b65c elementor-widget elementor-widget-heading\" data-id=\"1d9b65c\" data-element_type=\"widget\" data-widget_type=\"heading.default\">\n\t\t\t\t<div class=\"elementor-widget-container\">\n\t\t\t\t\t<h2 class=\"elementor-heading-title elementor-size-default\">Tocantins Nature Expedition<\/h2>\t\t\t\t<\/div>\n\t\t\t\t<\/div>\n\t\t\t\t<div class=\"elementor-element elementor-element-13a9331 elementor-widget__width-initial elementor-widget elementor-widget-text-editor\" data-id=\"13a9331\" data-element_type=\"widget\" data-widget_type=\"text-editor.default\">\n\t\t\t\t<div class=\"elementor-widget-container\">\n\t\t\t\t\t\t\t\t\t<p><span style=\"font-weight: 400;\">Over 10,000 images were taken, but only 156 made it into the book. Two of them were finalists in the Wildlife Photographer of the Year competition, organized by the Natural History Museum in London. The texts are by Adriana Dias, and the foreword is by Ben\u00e9 Fonteles.<\/span><\/p>\t\t\t\t\t\t\t\t<\/div>\n\t\t\t\t<\/div>\n\t\t\t\t<div class=\"elementor-element elementor-element-f7a101f elementor-widget elementor-widget-text-editor\" data-id=\"f7a101f\" data-element_type=\"widget\" data-widget_type=\"text-editor.default\">\n\t\t\t\t<div class=\"elementor-widget-container\">\n\t\t\t\t\t\t\t\t\t<p><a style=\"color: #bcbaff; text-decoration: underline;\" href=\"https:\/\/zepaiva.com\/en\/galerias\/#expedicaonaturezatocantins\">Click here to access the book gallery<\/a><\/p>\t\t\t\t\t\t\t\t<\/div>\n\t\t\t\t<\/div>\n\t\t\t\t<\/div>\n\t\t<div data-particle_enable=\"false\" data-particle-mobile-disabled=\"false\" class=\"elementor-element elementor-element-645be91 e-con-full e-flex e-con e-child\" data-id=\"645be91\" data-element_type=\"container\">\n\t\t\t\t<div class=\"elementor-element elementor-element-9ee4c18 elementor-widget elementor-widget-image\" data-id=\"9ee4c18\" data-element_type=\"widget\" data-widget_type=\"image.default\">\n\t\t\t\t<div class=\"elementor-widget-container\">\n\t\t\t\t\t\t\t\t\t\t\t\t\t\t\t<img decoding=\"async\" width=\"700\" height=\"334\" src=\"https:\/\/zepaiva.com\/wp-content\/uploads\/2025\/02\/livrosTocantins-1024x489.png\" class=\"attachment-large size-large wp-image-16141\" alt=\"\" srcset=\"https:\/\/zepaiva.com\/wp-content\/uploads\/2025\/02\/livrosTocantins-1024x489.png 1024w, https:\/\/zepaiva.com\/wp-content\/uploads\/2025\/02\/livrosTocantins-300x143.png 300w, https:\/\/zepaiva.com\/wp-content\/uploads\/2025\/02\/livrosTocantins-768x367.png 768w, https:\/\/zepaiva.com\/wp-content\/uploads\/2025\/02\/livrosTocantins-700x334.png 700w, https:\/\/zepaiva.com\/wp-content\/uploads\/2025\/02\/livrosTocantins-837x400.png 837w, https:\/\/zepaiva.com\/wp-content\/uploads\/2025\/02\/livrosTocantins.png 1105w\" sizes=\"(max-width: 700px) 100vw, 700px\" \/>\t\t\t\t\t\t\t\t\t\t\t\t\t\t\t<\/div>\n\t\t\t\t<\/div>\n\t\t\t\t<\/div>\n\t\t<div data-particle_enable=\"false\" data-particle-mobile-disabled=\"false\" class=\"elementor-element elementor-element-3629ebf e-con-full e-flex e-con e-child\" data-id=\"3629ebf\" data-element_type=\"container\">\n\t\t\t\t<div class=\"elementor-element elementor-element-a2d2d8f elementor-widget elementor-widget-image\" data-id=\"a2d2d8f\" data-element_type=\"widget\" data-widget_type=\"image.default\">\n\t\t\t\t<div class=\"elementor-widget-container\">\n\t\t\t\t\t\t\t\t\t\t\t\t\t\t\t<img loading=\"lazy\" decoding=\"async\" width=\"700\" height=\"334\" src=\"https:\/\/zepaiva.com\/wp-content\/uploads\/2025\/02\/livroRS-1024x489.png\" class=\"attachment-large size-large wp-image-16146\" alt=\"\" srcset=\"https:\/\/zepaiva.com\/wp-content\/uploads\/2025\/02\/livroRS-1024x489.png 1024w, https:\/\/zepaiva.com\/wp-content\/uploads\/2025\/02\/livroRS-300x143.png 300w, https:\/\/zepaiva.com\/wp-content\/uploads\/2025\/02\/livroRS-768x367.png 768w, https:\/\/zepaiva.com\/wp-content\/uploads\/2025\/02\/livroRS-700x334.png 700w, https:\/\/zepaiva.com\/wp-content\/uploads\/2025\/02\/livroRS-837x400.png 837w, https:\/\/zepaiva.com\/wp-content\/uploads\/2025\/02\/livroRS.png 1105w\" sizes=\"(max-width: 700px) 100vw, 700px\" \/>\t\t\t\t\t\t\t\t\t\t\t\t\t\t\t<\/div>\n\t\t\t\t<\/div>\n\t\t\t\t<\/div>\n\t\t<div data-particle_enable=\"false\" data-particle-mobile-disabled=\"false\" class=\"elementor-element elementor-element-2a56e00 e-con-full e-flex e-con e-child\" data-id=\"2a56e00\" data-element_type=\"container\">\n\t\t\t\t<div class=\"elementor-element elementor-element-0a3e3b5 elementor-widget elementor-widget-heading\" data-id=\"0a3e3b5\" data-element_type=\"widget\" data-widget_type=\"heading.default\">\n\t\t\t\t<div class=\"elementor-widget-container\">\n\t\t\t\t\t<h2 class=\"elementor-heading-title elementor-size-default\">Ga\u00facha Nature Expedition<\/h2>\t\t\t\t<\/div>\n\t\t\t\t<\/div>\n\t\t\t\t<div class=\"elementor-element elementor-element-23e1720 elementor-widget__width-initial elementor-widget elementor-widget-text-editor\" data-id=\"23e1720\" data-element_type=\"widget\" data-widget_type=\"text-editor.default\">\n\t\t\t\t<div class=\"elementor-widget-container\">\n\t\t\t\t\t\t\t\t\t<p><span style=\"font-weight: 400;\">This work showcases the results of three expeditions carried out in 2007, covering the coast, plateau, and pampas of Rio Grande do Sul. The book includes around 160 images, with texts by Adriana Dias and a foreword by Rualdo Menegat.\u00a0<\/span><\/p>\t\t\t\t\t\t\t\t<\/div>\n\t\t\t\t<\/div>\n\t\t\t\t<div class=\"elementor-element elementor-element-579950f elementor-widget elementor-widget-text-editor\" data-id=\"579950f\" data-element_type=\"widget\" data-widget_type=\"text-editor.default\">\n\t\t\t\t<div class=\"elementor-widget-container\">\n\t\t\t\t\t\t\t\t\t<p><a style=\"color: #bcbaff; text-decoration: underline;\" href=\"https:\/\/zepaiva.com\/en\/galerias\/#expedicaonaturezagaucha\">Click here to access the book gallery<\/a><\/p>\t\t\t\t\t\t\t\t<\/div>\n\t\t\t\t<\/div>\n\t\t\t\t<\/div>\n\t\t<div data-particle_enable=\"false\" data-particle-mobile-disabled=\"false\" class=\"elementor-element elementor-element-0cb4f59 e-con-full e-flex e-con e-child\" data-id=\"0cb4f59\" data-element_type=\"container\">\n\t\t\t\t<div class=\"elementor-element elementor-element-99bb554 elementor-widget elementor-widget-heading\" data-id=\"99bb554\" data-element_type=\"widget\" data-widget_type=\"heading.default\">\n\t\t\t\t<div class=\"elementor-widget-container\">\n\t\t\t\t\t<h2 class=\"elementor-heading-title elementor-size-default\">Santa Catarina Nature Expedition<\/h2>\t\t\t\t<\/div>\n\t\t\t\t<\/div>\n\t\t\t\t<div class=\"elementor-element elementor-element-d6fff68 elementor-widget__width-initial elementor-widget elementor-widget-text-editor\" data-id=\"d6fff68\" data-element_type=\"widget\" data-widget_type=\"text-editor.default\">\n\t\t\t\t<div class=\"elementor-widget-container\">\n\t\t\t\t\t\t\t\t\t<p><span style=\"font-weight: 400;\">Just over 100 photographs were selected from the 11,750 taken by Paiva during seven months of exploration, covering 220 kilometers on trails, 60 kilometers paddling a canadian canoe, and over 1,800 kilometers by car. The foreword is by Xavier Bartaburu.<\/span><\/p>\t\t\t\t\t\t\t\t<\/div>\n\t\t\t\t<\/div>\n\t\t\t\t<div class=\"elementor-element elementor-element-a1f0e3d elementor-widget elementor-widget-text-editor\" data-id=\"a1f0e3d\" data-element_type=\"widget\" data-widget_type=\"text-editor.default\">\n\t\t\t\t<div class=\"elementor-widget-container\">\n\t\t\t\t\t\t\t\t\t<p><a style=\"color: #bcbaff; text-decoration: underline;\" href=\"https:\/\/zepaiva.com\/en\/galerias\/#expedicaonaturezasantacatarina\">Click here to access the book gallery<\/a><\/p>\t\t\t\t\t\t\t\t<\/div>\n\t\t\t\t<\/div>\n\t\t\t\t<\/div>\n\t\t<div data-particle_enable=\"false\" data-particle-mobile-disabled=\"false\" class=\"elementor-element elementor-element-d5027ea e-con-full e-flex e-con e-child\" data-id=\"d5027ea\" data-element_type=\"container\">\n\t\t\t\t<div class=\"elementor-element elementor-element-dafff25 elementor-widget elementor-widget-image\" data-id=\"dafff25\" data-element_type=\"widget\" data-widget_type=\"image.default\">\n\t\t\t\t<div class=\"elementor-widget-container\">\n\t\t\t\t\t\t\t\t\t\t\t\t\t\t\t<img loading=\"lazy\" decoding=\"async\" width=\"700\" height=\"334\" src=\"https:\/\/zepaiva.com\/wp-content\/uploads\/2025\/02\/livroSC2-1024x489.png\" class=\"attachment-large size-large wp-image-16147\" alt=\"\" srcset=\"https:\/\/zepaiva.com\/wp-content\/uploads\/2025\/02\/livroSC2-1024x489.png 1024w, https:\/\/zepaiva.com\/wp-content\/uploads\/2025\/02\/livroSC2-300x143.png 300w, https:\/\/zepaiva.com\/wp-content\/uploads\/2025\/02\/livroSC2-768x367.png 768w, https:\/\/zepaiva.com\/wp-content\/uploads\/2025\/02\/livroSC2-700x334.png 700w, https:\/\/zepaiva.com\/wp-content\/uploads\/2025\/02\/livroSC2-837x400.png 837w, https:\/\/zepaiva.com\/wp-content\/uploads\/2025\/02\/livroSC2.png 1105w\" sizes=\"(max-width: 700px) 100vw, 700px\" \/>\t\t\t\t\t\t\t\t\t\t\t\t\t\t\t<\/div>\n\t\t\t\t<\/div>\n\t\t\t\t<\/div>\n\t\t\t\t\t<\/div>\n\t\t\t\t<\/div>\n\t\t<div data-particle_enable=\"false\" data-particle-mobile-disabled=\"false\" class=\"elementor-element elementor-element-2c028e73 e-flex e-con-boxed e-con e-parent\" data-id=\"2c028e73\" data-element_type=\"container\">\n\t\t\t\t\t<div class=\"e-con-inner\">\n\t\t\t\t<div class=\"elementor-element elementor-element-4342ccb1 elementor-widget elementor-widget-image\" data-id=\"4342ccb1\" data-element_type=\"widget\" data-widget_type=\"image.default\">\n\t\t\t\t<div class=\"elementor-widget-container\">\n\t\t\t\t\t\t\t\t\t\t\t\t\t\t\t<img loading=\"lazy\" decoding=\"async\" width=\"260\" height=\"106\" src=\"https:\/\/zepaiva.com\/wp-content\/uploads\/2025\/02\/logo2.png\" class=\"attachment-large size-large wp-image-16215\" alt=\"\" srcset=\"https:\/\/zepaiva.com\/wp-content\/uploads\/2025\/02\/logo2.png 260w, https:\/\/zepaiva.com\/wp-content\/uploads\/2025\/02\/logo2-18x7.png 18w\" sizes=\"(max-width: 260px) 100vw, 260px\" \/>\t\t\t\t\t\t\t\t\t\t\t\t\t\t\t<\/div>\n\t\t\t\t<\/div>\n\t\t\t\t<div class=\"elementor-element elementor-element-7984c4d2 elementor-widget elementor-widget-text-editor\" data-id=\"7984c4d2\" data-element_type=\"widget\" data-widget_type=\"text-editor.default\">\n\t\t\t\t<div class=\"elementor-widget-container\">\n\t\t\t\t\t\t\t\t\t<p>\u00a9 All rights reserved \u2013 Z\u00e9 Paiva \u2013 2025<\/p>\t\t\t\t\t\t\t\t<\/div>\n\t\t\t\t<\/div>\n\t\t\t\t<div class=\"elementor-element elementor-element-4b763d64 elementor-widget elementor-widget-text-editor\" data-id=\"4b763d64\" data-element_type=\"widget\" data-widget_type=\"text-editor.default\">\n\t\t\t\t<div class=\"elementor-widget-container\">\n\t\t\t\t\t\t\t\t\t<p>Website developed by <a href=\"http:\/\/behance.net\/pasinatto\">Matheus Pasinatto<\/a><\/p>\t\t\t\t\t\t\t\t<\/div>\n\t\t\t\t<\/div>\n\t\t\t\t\t<\/div>\n\t\t\t\t<\/div>\n\t\t\t\t<\/div>","protected":false},"excerpt":{"rendered":"<p>BIOGRAFIA Z\u00e9 paiva Nasci em 1961 e sou fot\u00f3grafo profissional desde 1984. Estudei Engenharia Mec\u00e2nica em Porto Alegre, Rio Grande do Sul, onde nasci. Depois de me formar, pus a mochila nas costas e fiz uma longa viagem pela Europa e Norte da \u00c1frica, em 1983. Na volta estava decidido que n\u00e3o seria engenheiro, mas &hellip; <a href=\"https:\/\/zepaiva.com\/en\/biografia\/\" class=\"more-link\">Continue reading <span class=\"screen-reader-text\">Biography<\/span> <span class=\"meta-nav\">&rarr;<\/span><\/a><\/p>","protected":false},"author":1,"featured_media":0,"parent":0,"menu_order":0,"comment_status":"closed","ping_status":"closed","template":"","meta":{"footnotes":""},"class_list":["post-10781","page","type-page","status-publish","hentry"],"jetpack_sharing_enabled":true,"_links":{"self":[{"href":"https:\/\/zepaiva.com\/en\/wp-json\/wp\/v2\/pages\/10781","targetHints":{"allow":["GET"]}}],"collection":[{"href":"https:\/\/zepaiva.com\/en\/wp-json\/wp\/v2\/pages"}],"about":[{"href":"https:\/\/zepaiva.com\/en\/wp-json\/wp\/v2\/types\/page"}],"author":[{"embeddable":true,"href":"https:\/\/zepaiva.com\/en\/wp-json\/wp\/v2\/users\/1"}],"replies":[{"embeddable":true,"href":"https:\/\/zepaiva.com\/en\/wp-json\/wp\/v2\/comments?post=10781"}],"version-history":[{"count":78,"href":"https:\/\/zepaiva.com\/en\/wp-json\/wp\/v2\/pages\/10781\/revisions"}],"predecessor-version":[{"id":19984,"href":"https:\/\/zepaiva.com\/en\/wp-json\/wp\/v2\/pages\/10781\/revisions\/19984"}],"wp:attachment":[{"href":"https:\/\/zepaiva.com\/en\/wp-json\/wp\/v2\/media?parent=10781"}],"curies":[{"name":"wp","href":"https:\/\/api.w.org\/{rel}","templated":true}]}}