{"id":11042,"date":"2025-02-03T17:36:56","date_gmt":"2025-02-03T17:36:56","guid":{"rendered":"https:\/\/zepaiva.com\/?page_id=11042"},"modified":"2025-02-26T19:09:17","modified_gmt":"2025-02-26T19:09:17","slug":"expedicoes-e-oficinas","status":"publish","type":"page","link":"https:\/\/zepaiva.com\/en\/expedicoes-e-oficinas\/","title":{"rendered":"Expeditions &amp; Workshops"},"content":{"rendered":"<div data-elementor-type=\"wp-page\" data-elementor-id=\"11042\" class=\"elementor elementor-11042\" data-elementor-post-type=\"page\">\n\t\t\t\t<div data-particle_enable=\"false\" data-particle-mobile-disabled=\"false\" class=\"elementor-element elementor-element-1a030ad e-flex e-con-boxed e-con e-parent\" data-id=\"1a030ad\" data-element_type=\"container\" data-e-type=\"container\" data-settings=\"{&quot;background_background&quot;:&quot;classic&quot;}\">\n\t\t\t\t\t<div class=\"e-con-inner\">\n\t\t\t\t<div class=\"elementor-element elementor-element-338ab86 elementor-widget elementor-widget-heading\" data-id=\"338ab86\" data-element_type=\"widget\" data-e-type=\"widget\" data-widget_type=\"heading.default\">\n\t\t\t\t<div class=\"elementor-widget-container\">\n\t\t\t\t\t<h1 class=\"elementor-heading-title elementor-size-default\">Expeditions &amp; Workshops<\/h1>\t\t\t\t<\/div>\n\t\t\t\t<\/div>\n\t\t\t\t\t<\/div>\n\t\t\t\t<\/div>\n\t\t<div data-particle_enable=\"false\" data-particle-mobile-disabled=\"false\" class=\"elementor-element elementor-element-b730b01 e-flex e-con-boxed e-con e-parent\" data-id=\"b730b01\" data-element_type=\"container\" data-e-type=\"container\">\n\t\t\t\t\t<div class=\"e-con-inner\">\n\t\t<div data-particle_enable=\"false\" data-particle-mobile-disabled=\"false\" class=\"elementor-element elementor-element-bd64a9d e-con-full e-flex e-con e-child\" data-id=\"bd64a9d\" data-element_type=\"container\" data-e-type=\"container\">\n\t\t\t\t<div class=\"elementor-element elementor-element-a5ef504 elementor-widget elementor-widget-heading\" data-id=\"a5ef504\" data-element_type=\"widget\" data-e-type=\"widget\" data-widget_type=\"heading.default\">\n\t\t\t\t<div class=\"elementor-widget-container\">\n\t\t\t\t\t<h2 class=\"elementor-heading-title elementor-size-default\">Expeditions<\/h2>\t\t\t\t<\/div>\n\t\t\t\t<\/div>\n\t\t\t\t<div class=\"elementor-element elementor-element-00e198e elementor-widget__width-initial elementor-widget elementor-widget-text-editor\" data-id=\"00e198e\" data-element_type=\"widget\" data-e-type=\"widget\" data-widget_type=\"text-editor.default\">\n\t\t\t\t<div class=\"elementor-widget-container\">\n\t\t\t\t\t\t\t\t\t<p>Our photography expeditions are carried out in small groups of up to 12 people, always accompanied by photographer Z\u00e9 Paiva, with 40 years of professional experience (see biography). The itinerary is carefully planned to provide the best conditions for photographing in carefully chosen locations. In addition, you will get to know (and taste) the best of the local culture and cuisine.<\/p><p><a href=\"https:\/\/zepaiva.com\/en\/agenda\/depoimentos\/\">Click here to see testimonials from people who have traveled with us.<\/a><\/p><p><a href=\"https:\/\/zepaiva.com\/en\/agenda\/perguntas-frequentes\/\">Click here to see frequently asked questions related to expeditions.<\/a><\/p>\t\t\t\t\t\t\t\t<\/div>\n\t\t\t\t<\/div>\n\t\t\t\t<\/div>\n\t\t<div data-particle_enable=\"false\" data-particle-mobile-disabled=\"false\" class=\"elementor-element elementor-element-2d549f7 e-con-full e-flex e-con e-child\" data-id=\"2d549f7\" data-element_type=\"container\" data-e-type=\"container\">\n\t\t\t\t<div class=\"elementor-element elementor-element-e7d07fe elementor-widget elementor-widget-gallery\" data-id=\"e7d07fe\" data-element_type=\"widget\" data-e-type=\"widget\" data-settings=\"{&quot;columns&quot;:2,&quot;lazyload&quot;:&quot;yes&quot;,&quot;gallery_layout&quot;:&quot;grid&quot;,&quot;columns_tablet&quot;:2,&quot;columns_mobile&quot;:1,&quot;gap&quot;:{&quot;unit&quot;:&quot;px&quot;,&quot;size&quot;:10,&quot;sizes&quot;:[]},&quot;gap_tablet&quot;:{&quot;unit&quot;:&quot;px&quot;,&quot;size&quot;:10,&quot;sizes&quot;:[]},&quot;gap_mobile&quot;:{&quot;unit&quot;:&quot;px&quot;,&quot;size&quot;:10,&quot;sizes&quot;:[]},&quot;link_to&quot;:&quot;file&quot;,&quot;aspect_ratio&quot;:&quot;3:2&quot;,&quot;overlay_background&quot;:&quot;yes&quot;,&quot;content_hover_animation&quot;:&quot;fade-in&quot;}\" data-widget_type=\"gallery.default\">\n\t\t\t\t<div class=\"elementor-widget-container\">\n\t\t\t\t\t\t\t<div class=\"elementor-gallery__container\">\n\t\t\t\t\t\t\t<a class=\"e-gallery-item elementor-gallery-item elementor-animated-content\" href=\"https:\/\/zepaiva.com\/wp-content\/uploads\/2025\/02\/Agu201906209591.jpg\" data-elementor-open-lightbox=\"yes\" data-elementor-lightbox-slideshow=\"e7d07fe\" data-e-action-hash=\"#elementor-action%3Aaction%3Dlightbox%26settings%3DeyJpZCI6MTYwNjUsInVybCI6Imh0dHBzOlwvXC96ZXBhaXZhLmNvbVwvd3AtY29udGVudFwvdXBsb2Fkc1wvMjAyNVwvMDJcL0FndTIwMTkwNjIwOTU5MS5qcGciLCJzbGlkZXNob3ciOiJlN2QwN2ZlIn0%3D\">\n\t\t\t\t\t<div class=\"e-gallery-image elementor-gallery-item__image\" data-thumbnail=\"https:\/\/zepaiva.com\/wp-content\/uploads\/2025\/02\/Agu201906209591-300x200.jpg\" data-width=\"300\" data-height=\"200\" aria-label=\"\" role=\"img\" ><\/div>\n\t\t\t\t\t\t\t\t\t\t\t<div class=\"elementor-gallery-item__overlay\"><\/div>\n\t\t\t\t\t\t\t\t\t\t\t\t\t\t<\/a>\n\t\t\t\t\t\t\t<a class=\"e-gallery-item elementor-gallery-item elementor-animated-content\" href=\"https:\/\/zepaiva.com\/wp-content\/uploads\/2025\/02\/ALTA-1.jpg\" data-elementor-open-lightbox=\"yes\" data-elementor-lightbox-slideshow=\"e7d07fe\" data-e-action-hash=\"#elementor-action%3Aaction%3Dlightbox%26settings%3DeyJpZCI6MTYwNjYsInVybCI6Imh0dHBzOlwvXC96ZXBhaXZhLmNvbVwvd3AtY29udGVudFwvdXBsb2Fkc1wvMjAyNVwvMDJcL0FMVEEtMS5qcGciLCJzbGlkZXNob3ciOiJlN2QwN2ZlIn0%3D\">\n\t\t\t\t\t<div class=\"e-gallery-image elementor-gallery-item__image\" data-thumbnail=\"https:\/\/zepaiva.com\/wp-content\/uploads\/2025\/02\/ALTA-1-300x169.jpg\" data-width=\"300\" data-height=\"169\" aria-label=\"\" role=\"img\" ><\/div>\n\t\t\t\t\t\t\t\t\t\t\t<div class=\"elementor-gallery-item__overlay\"><\/div>\n\t\t\t\t\t\t\t\t\t\t\t\t\t\t<\/a>\n\t\t\t\t\t\t\t<a class=\"e-gallery-item elementor-gallery-item elementor-animated-content\" href=\"https:\/\/zepaiva.com\/wp-content\/uploads\/2025\/02\/vista17d01238.jpg\" data-elementor-open-lightbox=\"yes\" data-elementor-lightbox-slideshow=\"e7d07fe\" data-e-action-hash=\"#elementor-action%3Aaction%3Dlightbox%26settings%3DeyJpZCI6MTYwNjcsInVybCI6Imh0dHBzOlwvXC96ZXBhaXZhLmNvbVwvd3AtY29udGVudFwvdXBsb2Fkc1wvMjAyNVwvMDJcL3Zpc3RhMTdkMDEyMzguanBnIiwic2xpZGVzaG93IjoiZTdkMDdmZSJ9\">\n\t\t\t\t\t<div class=\"e-gallery-image elementor-gallery-item__image\" data-thumbnail=\"https:\/\/zepaiva.com\/wp-content\/uploads\/2025\/02\/vista17d01238-300x195.jpg\" data-width=\"300\" data-height=\"195\" aria-label=\"\" role=\"img\" ><\/div>\n\t\t\t\t\t\t\t\t\t\t\t<div class=\"elementor-gallery-item__overlay\"><\/div>\n\t\t\t\t\t\t\t\t\t\t\t\t\t\t<\/a>\n\t\t\t\t\t\t\t<a class=\"e-gallery-item elementor-gallery-item elementor-animated-content\" href=\"https:\/\/zepaiva.com\/wp-content\/uploads\/2025\/02\/vista23d15363-Edit.jpg\" data-elementor-open-lightbox=\"yes\" data-elementor-lightbox-slideshow=\"e7d07fe\" data-e-action-hash=\"#elementor-action%3Aaction%3Dlightbox%26settings%3DeyJpZCI6MTYwNjgsInVybCI6Imh0dHBzOlwvXC96ZXBhaXZhLmNvbVwvd3AtY29udGVudFwvdXBsb2Fkc1wvMjAyNVwvMDJcL3Zpc3RhMjNkMTUzNjMtRWRpdC5qcGciLCJzbGlkZXNob3ciOiJlN2QwN2ZlIn0%3D\">\n\t\t\t\t\t<div class=\"e-gallery-image elementor-gallery-item__image\" data-thumbnail=\"https:\/\/zepaiva.com\/wp-content\/uploads\/2025\/02\/vista23d15363-Edit-300x210.jpg\" data-width=\"300\" data-height=\"210\" aria-label=\"\" role=\"img\" ><\/div>\n\t\t\t\t\t\t\t\t\t\t\t<div class=\"elementor-gallery-item__overlay\"><\/div>\n\t\t\t\t\t\t\t\t\t\t\t\t\t\t<\/a>\n\t\t\t\t\t<\/div>\n\t\t\t\t\t<\/div>\n\t\t\t\t<\/div>\n\t\t\t\t<\/div>\n\t\t\t\t\t<\/div>\n\t\t\t\t<\/div>\n\t\t<div data-particle_enable=\"false\" data-particle-mobile-disabled=\"false\" class=\"elementor-element elementor-element-238d3cb e-flex e-con-boxed e-con e-parent\" data-id=\"238d3cb\" data-element_type=\"container\" data-e-type=\"container\">\n\t\t\t\t\t<div class=\"e-con-inner\">\n\t\t<div data-particle_enable=\"false\" data-particle-mobile-disabled=\"false\" class=\"elementor-element elementor-element-429dcc4 e-con-full e-flex e-con e-child\" data-id=\"429dcc4\" data-element_type=\"container\" data-e-type=\"container\">\n\t\t\t\t<div class=\"elementor-element elementor-element-5db93d1 elementor-widget elementor-widget-gallery\" data-id=\"5db93d1\" data-element_type=\"widget\" data-e-type=\"widget\" data-settings=\"{&quot;columns&quot;:2,&quot;lazyload&quot;:&quot;yes&quot;,&quot;gallery_layout&quot;:&quot;grid&quot;,&quot;columns_tablet&quot;:2,&quot;columns_mobile&quot;:1,&quot;gap&quot;:{&quot;unit&quot;:&quot;px&quot;,&quot;size&quot;:10,&quot;sizes&quot;:[]},&quot;gap_tablet&quot;:{&quot;unit&quot;:&quot;px&quot;,&quot;size&quot;:10,&quot;sizes&quot;:[]},&quot;gap_mobile&quot;:{&quot;unit&quot;:&quot;px&quot;,&quot;size&quot;:10,&quot;sizes&quot;:[]},&quot;link_to&quot;:&quot;file&quot;,&quot;aspect_ratio&quot;:&quot;3:2&quot;,&quot;overlay_background&quot;:&quot;yes&quot;,&quot;content_hover_animation&quot;:&quot;fade-in&quot;}\" data-widget_type=\"gallery.default\">\n\t\t\t\t<div class=\"elementor-widget-container\">\n\t\t\t\t\t\t\t<div class=\"elementor-gallery__container\">\n\t\t\t\t\t\t\t<a class=\"e-gallery-item elementor-gallery-item elementor-animated-content\" href=\"https:\/\/zepaiva.com\/wp-content\/uploads\/2025\/02\/Carla-Mormile-01.jpg\" data-elementor-open-lightbox=\"yes\" data-elementor-lightbox-slideshow=\"5db93d1\" data-elementor-lightbox-title=\"Foto de Carla Mormile\" data-e-action-hash=\"#elementor-action%3Aaction%3Dlightbox%26settings%3DeyJpZCI6MTYzMjcsInVybCI6Imh0dHBzOlwvXC96ZXBhaXZhLmNvbVwvd3AtY29udGVudFwvdXBsb2Fkc1wvMjAyNVwvMDJcL0NhcmxhLU1vcm1pbGUtMDEuanBnIiwic2xpZGVzaG93IjoiNWRiOTNkMSJ9\">\n\t\t\t\t\t<div class=\"e-gallery-image elementor-gallery-item__image\" data-thumbnail=\"https:\/\/zepaiva.com\/wp-content\/uploads\/2025\/02\/Carla-Mormile-01-300x199.jpg\" data-width=\"300\" data-height=\"199\" aria-label=\"\" role=\"img\" ><\/div>\n\t\t\t\t\t\t\t\t\t\t\t<div class=\"elementor-gallery-item__overlay\"><\/div>\n\t\t\t\t\t\t\t\t\t\t\t\t\t\t<\/a>\n\t\t\t\t\t\t\t<a class=\"e-gallery-item elementor-gallery-item elementor-animated-content\" href=\"https:\/\/zepaiva.com\/wp-content\/uploads\/2025\/02\/Bernadete_Brandao.jpg\" data-elementor-open-lightbox=\"yes\" data-elementor-lightbox-slideshow=\"5db93d1\" data-elementor-lightbox-title=\"Foto de Bernadete Brand\u00e3o\" data-e-action-hash=\"#elementor-action%3Aaction%3Dlightbox%26settings%3DeyJpZCI6MTYzMjgsInVybCI6Imh0dHBzOlwvXC96ZXBhaXZhLmNvbVwvd3AtY29udGVudFwvdXBsb2Fkc1wvMjAyNVwvMDJcL0Jlcm5hZGV0ZV9CcmFuZGFvLmpwZyIsInNsaWRlc2hvdyI6IjVkYjkzZDEifQ%3D%3D\">\n\t\t\t\t\t<div class=\"e-gallery-image elementor-gallery-item__image\" data-thumbnail=\"https:\/\/zepaiva.com\/wp-content\/uploads\/2025\/02\/Bernadete_Brandao-300x173.jpg\" data-width=\"300\" data-height=\"173\" aria-label=\"\" role=\"img\" ><\/div>\n\t\t\t\t\t\t\t\t\t\t\t<div class=\"elementor-gallery-item__overlay\"><\/div>\n\t\t\t\t\t\t\t\t\t\t\t\t\t\t<\/a>\n\t\t\t\t\t\t\t<a class=\"e-gallery-item elementor-gallery-item elementor-animated-content\" href=\"https:\/\/zepaiva.com\/wp-content\/uploads\/2025\/02\/Guilherme_Lima.jpg\" data-elementor-open-lightbox=\"yes\" data-elementor-lightbox-slideshow=\"5db93d1\" data-elementor-lightbox-title=\"Foto de Guilherme Lima\" data-e-action-hash=\"#elementor-action%3Aaction%3Dlightbox%26settings%3DeyJpZCI6MTYzMjksInVybCI6Imh0dHBzOlwvXC96ZXBhaXZhLmNvbVwvd3AtY29udGVudFwvdXBsb2Fkc1wvMjAyNVwvMDJcL0d1aWxoZXJtZV9MaW1hLmpwZyIsInNsaWRlc2hvdyI6IjVkYjkzZDEifQ%3D%3D\">\n\t\t\t\t\t<div class=\"e-gallery-image elementor-gallery-item__image\" data-thumbnail=\"https:\/\/zepaiva.com\/wp-content\/uploads\/2025\/02\/Guilherme_Lima-300x200.jpg\" data-width=\"300\" data-height=\"200\" aria-label=\"\" role=\"img\" ><\/div>\n\t\t\t\t\t\t\t\t\t\t\t<div class=\"elementor-gallery-item__overlay\"><\/div>\n\t\t\t\t\t\t\t\t\t\t\t\t\t\t<\/a>\n\t\t\t\t\t\t\t<a class=\"e-gallery-item elementor-gallery-item elementor-animated-content\" href=\"https:\/\/zepaiva.com\/wp-content\/uploads\/2025\/02\/Hebert-Guimaraes.jpg\" data-elementor-open-lightbox=\"yes\" data-elementor-lightbox-slideshow=\"5db93d1\" data-elementor-lightbox-title=\"Foto de Hebert Guimar\u00e3es\" data-e-action-hash=\"#elementor-action%3Aaction%3Dlightbox%26settings%3DeyJpZCI6MTYzMzAsInVybCI6Imh0dHBzOlwvXC96ZXBhaXZhLmNvbVwvd3AtY29udGVudFwvdXBsb2Fkc1wvMjAyNVwvMDJcL0hlYmVydC1HdWltYXJhZXMuanBnIiwic2xpZGVzaG93IjoiNWRiOTNkMSJ9\">\n\t\t\t\t\t<div class=\"e-gallery-image elementor-gallery-item__image\" data-thumbnail=\"https:\/\/zepaiva.com\/wp-content\/uploads\/2025\/02\/Hebert-Guimaraes-300x201.jpg\" data-width=\"300\" data-height=\"201\" aria-label=\"\" role=\"img\" ><\/div>\n\t\t\t\t\t\t\t\t\t\t\t<div class=\"elementor-gallery-item__overlay\"><\/div>\n\t\t\t\t\t\t\t\t\t\t\t\t\t\t<\/a>\n\t\t\t\t\t<\/div>\n\t\t\t\t\t<\/div>\n\t\t\t\t<\/div>\n\t\t\t\t<\/div>\n\t\t<div data-particle_enable=\"false\" data-particle-mobile-disabled=\"false\" class=\"elementor-element elementor-element-5c0b658 e-con-full e-flex e-con e-child\" data-id=\"5c0b658\" data-element_type=\"container\" data-e-type=\"container\">\n\t\t\t\t<div class=\"elementor-element elementor-element-ace901a elementor-widget elementor-widget-heading\" data-id=\"ace901a\" data-element_type=\"widget\" data-e-type=\"widget\" data-widget_type=\"heading.default\">\n\t\t\t\t<div class=\"elementor-widget-container\">\n\t\t\t\t\t<h2 class=\"elementor-heading-title elementor-size-default\">CONTEMPLATIVE PHOTOGRAPHY WORKSHOP<\/h2>\t\t\t\t<\/div>\n\t\t\t\t<\/div>\n\t\t\t\t<div class=\"elementor-element elementor-element-ccd5d07 elementor-widget__width-initial elementor-widget-tablet__width-inherit elementor-widget elementor-widget-text-editor\" data-id=\"ccd5d07\" data-element_type=\"widget\" data-e-type=\"widget\" data-widget_type=\"text-editor.default\">\n\t\t\t\t<div class=\"elementor-widget-container\">\n\t\t\t\t\t\t\t\t\t<p>In this workshop, experienced photographer Z\u00e9 Paiva will show that photography and meditation have a lot in common. By alternating meditation dynamics and photography sessions, the group will discover how to produce images that go beyond the usual conditioning of our gaze.<\/p><p>Inspired by the teachings of Buddhist masters, Paiva proposes an approach to photography that is detached from the usual standards and rules, through different dynamics that will be developed.<\/p><p>No previous experience in meditation or photography course is necessary. Any camera can be used. The idea of \u200b\u200bthe workshop is to awaken the sensitivity of photography with a contemplative attitude.<\/p>\t\t\t\t\t\t\t\t<\/div>\n\t\t\t\t<\/div>\n\t\t\t\t<\/div>\n\t\t\t\t\t<\/div>\n\t\t\t\t<\/div>\n\t\t<div data-particle_enable=\"false\" data-particle-mobile-disabled=\"false\" class=\"elementor-element elementor-element-2c028e73 e-flex e-con-boxed e-con e-parent\" data-id=\"2c028e73\" data-element_type=\"container\" data-e-type=\"container\">\n\t\t\t\t\t<div class=\"e-con-inner\">\n\t\t\t\t<div class=\"elementor-element elementor-element-4342ccb1 elementor-widget elementor-widget-image\" data-id=\"4342ccb1\" data-element_type=\"widget\" data-e-type=\"widget\" data-widget_type=\"image.default\">\n\t\t\t\t<div class=\"elementor-widget-container\">\n\t\t\t\t\t\t\t\t\t\t\t\t\t\t\t<img decoding=\"async\" width=\"260\" height=\"106\" src=\"https:\/\/zepaiva.com\/wp-content\/uploads\/2025\/02\/logo2.png\" class=\"attachment-large size-large wp-image-16215\" alt=\"\" srcset=\"https:\/\/zepaiva.com\/wp-content\/uploads\/2025\/02\/logo2.png 260w, https:\/\/zepaiva.com\/wp-content\/uploads\/2025\/02\/logo2-18x7.png 18w\" sizes=\"(max-width: 260px) 100vw, 260px\" \/>\t\t\t\t\t\t\t\t\t\t\t\t\t\t\t<\/div>\n\t\t\t\t<\/div>\n\t\t\t\t<div class=\"elementor-element elementor-element-7984c4d2 elementor-widget elementor-widget-text-editor\" data-id=\"7984c4d2\" data-element_type=\"widget\" data-e-type=\"widget\" data-widget_type=\"text-editor.default\">\n\t\t\t\t<div class=\"elementor-widget-container\">\n\t\t\t\t\t\t\t\t\t<p>\u00a9 All rights reserved \u2013 Z\u00e9 Paiva \u2013 2025<\/p>\t\t\t\t\t\t\t\t<\/div>\n\t\t\t\t<\/div>\n\t\t\t\t<div class=\"elementor-element elementor-element-4b763d64 elementor-widget elementor-widget-text-editor\" data-id=\"4b763d64\" data-element_type=\"widget\" data-e-type=\"widget\" data-widget_type=\"text-editor.default\">\n\t\t\t\t<div class=\"elementor-widget-container\">\n\t\t\t\t\t\t\t\t\t<p>Website developed by <a href=\"http:\/\/behance.net\/pasinatto\">Matheus Pasinatto<\/a><\/p>\t\t\t\t\t\t\t\t<\/div>\n\t\t\t\t<\/div>\n\t\t\t\t\t<\/div>\n\t\t\t\t<\/div>\n\t\t\t\t<\/div>","protected":false},"excerpt":{"rendered":"<p>Expedi\u00e7\u00f5es e Oficinas Expedi\u00e7\u00f5es Nossa expedi\u00e7\u00f5es fotogr\u00e1ficas s\u00e3o realizadas em grupos pequenos de no m\u00e1ximo 12 pessoas, sempre acompanhadas pelo fot\u00f3grafo Z\u00e9 Paiva, com 40 anos de experi\u00eancia profissional (veja a biografia). O roteiro \u00e9 todo planejado minuciosamente para proporcionar as melhores condi\u00e7\u00f5es para fotografar em lugares escolhidos a dedo. Al\u00e9m disso voc\u00ea vai conhecer &hellip; <a href=\"https:\/\/zepaiva.com\/en\/expedicoes-e-oficinas\/\" class=\"more-link\">Continue reading <span class=\"screen-reader-text\">Expeditions &amp; Workshops<\/span> <span class=\"meta-nav\">&rarr;<\/span><\/a><\/p>","protected":false},"author":1,"featured_media":0,"parent":0,"menu_order":0,"comment_status":"closed","ping_status":"closed","template":"","meta":{"footnotes":""},"class_list":["post-11042","page","type-page","status-publish","hentry"],"jetpack_sharing_enabled":true,"_links":{"self":[{"href":"https:\/\/zepaiva.com\/en\/wp-json\/wp\/v2\/pages\/11042","targetHints":{"allow":["GET"]}}],"collection":[{"href":"https:\/\/zepaiva.com\/en\/wp-json\/wp\/v2\/pages"}],"about":[{"href":"https:\/\/zepaiva.com\/en\/wp-json\/wp\/v2\/types\/page"}],"author":[{"embeddable":true,"href":"https:\/\/zepaiva.com\/en\/wp-json\/wp\/v2\/users\/1"}],"replies":[{"embeddable":true,"href":"https:\/\/zepaiva.com\/en\/wp-json\/wp\/v2\/comments?post=11042"}],"version-history":[{"count":33,"href":"https:\/\/zepaiva.com\/en\/wp-json\/wp\/v2\/pages\/11042\/revisions"}],"predecessor-version":[{"id":16865,"href":"https:\/\/zepaiva.com\/en\/wp-json\/wp\/v2\/pages\/11042\/revisions\/16865"}],"wp:attachment":[{"href":"https:\/\/zepaiva.com\/en\/wp-json\/wp\/v2\/media?parent=11042"}],"curies":[{"name":"wp","href":"https:\/\/api.w.org\/{rel}","templated":true}]}}