{"id":11079,"date":"2025-02-04T17:38:54","date_gmt":"2025-02-04T17:38:54","guid":{"rendered":"https:\/\/zepaiva.com\/?page_id=11079"},"modified":"2025-07-22T14:21:03","modified_gmt":"2025-07-22T14:21:03","slug":"blog-5","status":"publish","type":"page","link":"https:\/\/zepaiva.com\/en\/blog-5\/","title":{"rendered":"Blog"},"content":{"rendered":"<div data-elementor-type=\"wp-page\" data-elementor-id=\"11079\" class=\"elementor elementor-11079\" data-elementor-post-type=\"page\">\n\t\t\t\t<div data-particle_enable=\"false\" data-particle-mobile-disabled=\"false\" class=\"elementor-element elementor-element-c8b8098 e-flex e-con-boxed e-con e-parent\" data-id=\"c8b8098\" data-element_type=\"container\" data-settings=\"{&quot;background_background&quot;:&quot;classic&quot;}\">\n\t\t\t\t\t<div class=\"e-con-inner\">\n\t\t\t\t<div class=\"elementor-element elementor-element-166d923 elementor-widget elementor-widget-heading\" data-id=\"166d923\" data-element_type=\"widget\" data-widget_type=\"heading.default\">\n\t\t\t\t<div class=\"elementor-widget-container\">\n\t\t\t\t\t<h1 class=\"elementor-heading-title elementor-size-default\">BLOG<\/h1>\t\t\t\t<\/div>\n\t\t\t\t<\/div>\n\t\t\t\t\t<\/div>\n\t\t\t\t<\/div>\n\t\t<div data-particle_enable=\"false\" data-particle-mobile-disabled=\"false\" class=\"elementor-element elementor-element-5ba03c1 e-flex e-con-boxed e-con e-parent\" data-id=\"5ba03c1\" data-element_type=\"container\">\n\t\t\t\t\t<div class=\"e-con-inner\">\n\t\t\t\t<div class=\"elementor-element elementor-element-a8da471 elementor-grid-eael-col-2 elementor-grid-tablet-eael-col-2 elementor-grid-mobile-eael-col-1 elementor-widget elementor-widget-eael-post-grid\" data-id=\"a8da471\" data-element_type=\"widget\" data-settings=\"{&quot;eael_post_grid_columns&quot;:&quot;eael-col-2&quot;,&quot;eael_post_grid_columns_tablet&quot;:&quot;eael-col-2&quot;,&quot;eael_post_grid_columns_mobile&quot;:&quot;eael-col-1&quot;}\" data-widget_type=\"eael-post-grid.default\">\n\t\t\t\t<div class=\"elementor-widget-container\">\n\t\t\t\t\t<div id=\"eael-post-grid-a8da471\" class=\"eael-post-grid-container\">\n            <div class=\"eael-post-grid eael-post-appender eael-post-appender-a8da471 eael-post-grid-style-two\" data-layout-mode=\"masonry\"><article class=\"eael-grid-post eael-post-grid-column\" data-id=\"20561\">\n    <div class=\"eael-grid-post-holder\">\n        <div class=\"eael-grid-post-holder-inner\"><div class=\"eael-entry-media\"><div class=\"eael-entry-overlay fade-in\"><i class=\"fas fa-long-arrow-alt-right\" aria-hidden=\"true\"><\/i><a href=\"https:\/\/zepaiva.com\/en\/atencao-plena-para-fotografar-momentos-unicos\/\"><\/a><\/div><div class=\"eael-entry-thumbnail eael-image-ratio\">\n                            <img fetchpriority=\"high\" decoding=\"async\" width=\"700\" height=\"569\" src=\"https:\/\/zepaiva.com\/wp-content\/uploads\/2025\/10\/Eneida_Soares_de_Macedo-1024x833.jpg\" class=\"attachment-large size-large wp-image-20577\" alt=\"\" srcset=\"https:\/\/zepaiva.com\/wp-content\/uploads\/2025\/10\/Eneida_Soares_de_Macedo-1024x833.jpg 1024w, https:\/\/zepaiva.com\/wp-content\/uploads\/2025\/10\/Eneida_Soares_de_Macedo-300x244.jpg 300w, https:\/\/zepaiva.com\/wp-content\/uploads\/2025\/10\/Eneida_Soares_de_Macedo-768x624.jpg 768w, https:\/\/zepaiva.com\/wp-content\/uploads\/2025\/10\/Eneida_Soares_de_Macedo-1536x1249.jpg 1536w, https:\/\/zepaiva.com\/wp-content\/uploads\/2025\/10\/Eneida_Soares_de_Macedo-2048x1665.jpg 2048w, https:\/\/zepaiva.com\/wp-content\/uploads\/2025\/10\/Eneida_Soares_de_Macedo-15x12.jpg 15w, https:\/\/zepaiva.com\/wp-content\/uploads\/2025\/10\/Eneida_Soares_de_Macedo-700x569.jpg 700w, https:\/\/zepaiva.com\/wp-content\/uploads\/2025\/10\/Eneida_Soares_de_Macedo-2000x1626.jpg 2000w, https:\/\/zepaiva.com\/wp-content\/uploads\/2025\/10\/Eneida_Soares_de_Macedo-492x400.jpg 492w\" sizes=\"(max-width: 700px) 100vw, 700px\" \/>\n                            <\/div>\n                    <\/div><div class=\"eael-entry-wrapper\"><header class=\"eael-entry-header\"><h2 class=\"eael-entry-title\"><a class=\"eael-grid-post-link\" href=\"https:\/\/zepaiva.com\/en\/atencao-plena-para-fotografar-momentos-unicos\/\" title=\"Aten\u00e7\u00e3o plena para fotografar momentos \u00fanicos\">Aten\u00e7\u00e3o plena para fotografar momentos \u00fanicos<\/a><\/h2><\/header><div class=\"eael-entry-content\">\n                                <div class=\"eael-grid-post-excerpt\"><p>Aten\u00e7\u00e3o plena para fotografar momentos \u00fanicos Os 90 participantes das oficinas de fotografia contemplativa de Z\u00e9 Paiva perceberam a diferen\u00e7a que faz olhar para o dia...<\/p><a href=\"https:\/\/zepaiva.com\/en\/atencao-plena-para-fotografar-momentos-unicos\/\" class=\"eael-post-elements-readmore-btn\">Leia mais<\/a><\/div>\n                            <\/div><div class=\"eael-entry-header-after style-two\"><div class=\"eael-entry-meta\"><span class=\"eael-meta-posted-on\"><i class=\"far fa-clock\"><\/i><time datetime=\"October 9, 2025\">October 9, 2025<\/time><\/span><\/div><\/div><\/div><\/div>\n    <\/div>\n<\/article><article class=\"eael-grid-post eael-post-grid-column\" data-id=\"20400\">\n    <div class=\"eael-grid-post-holder\">\n        <div class=\"eael-grid-post-holder-inner\"><div class=\"eael-entry-media\"><div class=\"eael-entry-overlay fade-in\"><i class=\"fas fa-long-arrow-alt-right\" aria-hidden=\"true\"><\/i><a href=\"https:\/\/zepaiva.com\/en\/oficina-de-fotografia-contemplativa-2\/\"><\/a><\/div><div class=\"eael-entry-thumbnail eael-image-ratio\">\n                            <img decoding=\"async\" width=\"700\" height=\"468\" src=\"https:\/\/zepaiva.com\/wp-content\/uploads\/2025\/08\/vista07d21488-1024x685.jpg\" class=\"attachment-large size-large wp-image-20401\" alt=\"\" srcset=\"https:\/\/zepaiva.com\/wp-content\/uploads\/2025\/08\/vista07d21488-1024x685.jpg 1024w, https:\/\/zepaiva.com\/wp-content\/uploads\/2025\/08\/vista07d21488-300x201.jpg 300w, https:\/\/zepaiva.com\/wp-content\/uploads\/2025\/08\/vista07d21488-768x514.jpg 768w, https:\/\/zepaiva.com\/wp-content\/uploads\/2025\/08\/vista07d21488-1536x1028.jpg 1536w, https:\/\/zepaiva.com\/wp-content\/uploads\/2025\/08\/vista07d21488-2048x1371.jpg 2048w, https:\/\/zepaiva.com\/wp-content\/uploads\/2025\/08\/vista07d21488-18x12.jpg 18w, https:\/\/zepaiva.com\/wp-content\/uploads\/2025\/08\/vista07d21488-700x469.jpg 700w, https:\/\/zepaiva.com\/wp-content\/uploads\/2025\/08\/vista07d21488-2000x1339.jpg 2000w, https:\/\/zepaiva.com\/wp-content\/uploads\/2025\/08\/vista07d21488-900x600.jpg 900w, https:\/\/zepaiva.com\/wp-content\/uploads\/2025\/08\/vista07d21488-598x400.jpg 598w\" sizes=\"(max-width: 700px) 100vw, 700px\" \/>\n                            <\/div>\n                    <\/div><div class=\"eael-entry-wrapper\"><header class=\"eael-entry-header\"><h2 class=\"eael-entry-title\"><a class=\"eael-grid-post-link\" href=\"https:\/\/zepaiva.com\/en\/oficina-de-fotografia-contemplativa-2\/\" title=\"Oficina de Fotografia Contemplativa\">Oficina de Fotografia Contemplativa<\/a><\/h2><\/header><div class=\"eael-entry-content\">\n                                <div class=\"eael-grid-post-excerpt\"><p>Nesta oficina gratuita, o experiente fot\u00f3grafo, Z\u00e9 Paiva, vai mostrar que fotografia e medita\u00e7\u00e3o tem muito a ver. Alternando din\u00e2micas de medita\u00e7\u00e3o e sess\u00f5es de fotografia,...<\/p><a href=\"https:\/\/zepaiva.com\/en\/oficina-de-fotografia-contemplativa-2\/\" class=\"eael-post-elements-readmore-btn\">Leia mais<\/a><\/div>\n                            <\/div><div class=\"eael-entry-header-after style-two\"><div class=\"eael-entry-meta\"><span class=\"eael-meta-posted-on\"><i class=\"far fa-clock\"><\/i><time datetime=\"August 15, 2025\">August 15, 2025<\/time><\/span><\/div><\/div><\/div><\/div>\n    <\/div>\n<\/article><article class=\"eael-grid-post eael-post-grid-column\" data-id=\"20183\">\n    <div class=\"eael-grid-post-holder\">\n        <div class=\"eael-grid-post-holder-inner\"><div class=\"eael-entry-media\"><div class=\"eael-entry-overlay fade-in\"><i class=\"fas fa-long-arrow-alt-right\" aria-hidden=\"true\"><\/i><a href=\"https:\/\/zepaiva.com\/en\/residencia-artistica-na-enseada\/\"><\/a><\/div><div class=\"eael-entry-thumbnail eael-image-ratio\">\n                            <img decoding=\"async\" width=\"700\" height=\"525\" src=\"https:\/\/zepaiva.com\/wp-content\/uploads\/2025\/04\/vista24d07691-1024x768.jpg\" class=\"attachment-large size-large wp-image-20191\" alt=\"\" srcset=\"https:\/\/zepaiva.com\/wp-content\/uploads\/2025\/04\/vista24d07691-1024x768.jpg 1024w, https:\/\/zepaiva.com\/wp-content\/uploads\/2025\/04\/vista24d07691-300x225.jpg 300w, https:\/\/zepaiva.com\/wp-content\/uploads\/2025\/04\/vista24d07691-768x576.jpg 768w, https:\/\/zepaiva.com\/wp-content\/uploads\/2025\/04\/vista24d07691-16x12.jpg 16w, https:\/\/zepaiva.com\/wp-content\/uploads\/2025\/04\/vista24d07691-700x525.jpg 700w, https:\/\/zepaiva.com\/wp-content\/uploads\/2025\/04\/vista24d07691-533x400.jpg 533w, https:\/\/zepaiva.com\/wp-content\/uploads\/2025\/04\/vista24d07691.jpg 1080w\" sizes=\"(max-width: 700px) 100vw, 700px\" \/>\n                            <\/div>\n                    <\/div><div class=\"eael-entry-wrapper\"><header class=\"eael-entry-header\"><h2 class=\"eael-entry-title\"><a class=\"eael-grid-post-link\" href=\"https:\/\/zepaiva.com\/en\/residencia-artistica-na-enseada\/\" title=\"Resid\u00eancia art\u00edstica na Enseada\">Resid\u00eancia art\u00edstica na Enseada<\/a><\/h2><\/header><div class=\"eael-entry-content\">\n                                <div class=\"eael-grid-post-excerpt\"><p>Em dezembro de 2024 fui convidado pela produtora cultural Liliana Reid e pelo fot\u00f3grafo Fernando Bueno para uma resid\u00eancia art\u00edstica na Enseada do Brito, em Palho\u00e7a,...<\/p><a href=\"https:\/\/zepaiva.com\/en\/residencia-artistica-na-enseada\/\" class=\"eael-post-elements-readmore-btn\">Leia mais<\/a><\/div>\n                            <\/div><div class=\"eael-entry-header-after style-two\"><div class=\"eael-entry-meta\"><span class=\"eael-meta-posted-on\"><i class=\"far fa-clock\"><\/i><time datetime=\"April 8, 2025\">April 8, 2025<\/time><\/span><\/div><\/div><\/div><\/div>\n    <\/div>\n<\/article><article class=\"eael-grid-post eael-post-grid-column\" data-id=\"19998\">\n    <div class=\"eael-grid-post-holder\">\n        <div class=\"eael-grid-post-holder-inner\"><div class=\"eael-entry-media\"><div class=\"eael-entry-overlay fade-in\"><i class=\"fas fa-long-arrow-alt-right\" aria-hidden=\"true\"><\/i><a href=\"https:\/\/zepaiva.com\/en\/ladakh-uma-expedicao-inesquecivel\/\"><\/a><\/div><div class=\"eael-entry-thumbnail eael-image-ratio\">\n                            <img loading=\"lazy\" decoding=\"async\" width=\"700\" height=\"467\" src=\"https:\/\/zepaiva.com\/wp-content\/uploads\/2025\/03\/vista24d05474-1024x683.jpg\" class=\"attachment-large size-large wp-image-20168\" alt=\"\" srcset=\"https:\/\/zepaiva.com\/wp-content\/uploads\/2025\/03\/vista24d05474-1024x683.jpg 1024w, https:\/\/zepaiva.com\/wp-content\/uploads\/2025\/03\/vista24d05474-300x200.jpg 300w, https:\/\/zepaiva.com\/wp-content\/uploads\/2025\/03\/vista24d05474-768x512.jpg 768w, https:\/\/zepaiva.com\/wp-content\/uploads\/2025\/03\/vista24d05474-18x12.jpg 18w, https:\/\/zepaiva.com\/wp-content\/uploads\/2025\/03\/vista24d05474-700x467.jpg 700w, https:\/\/zepaiva.com\/wp-content\/uploads\/2025\/03\/vista24d05474-900x600.jpg 900w, https:\/\/zepaiva.com\/wp-content\/uploads\/2025\/03\/vista24d05474-600x400.jpg 600w, https:\/\/zepaiva.com\/wp-content\/uploads\/2025\/03\/vista24d05474.jpg 1080w\" sizes=\"(max-width: 700px) 100vw, 700px\" \/>\n                            <\/div>\n                    <\/div><div class=\"eael-entry-wrapper\"><header class=\"eael-entry-header\"><h2 class=\"eael-entry-title\"><a class=\"eael-grid-post-link\" href=\"https:\/\/zepaiva.com\/en\/ladakh-uma-expedicao-inesquecivel\/\" title=\"Ladakh, uma expedi\u00e7\u00e3o inesquec\u00edvel!\">Ladakh, uma expedi\u00e7\u00e3o inesquec\u00edvel!<\/a><\/h2><\/header><div class=\"eael-entry-content\">\n                                <div class=\"eael-grid-post-excerpt\"><p>Em 2024 fiz minha primeira expedi\u00e7\u00e3o fotogr\u00e1fica para esse lugar incr\u00edvel chamado Ladakh, que fica no extremo norte da \u00cdndia, na fronteira com o Tibete, hoje...<\/p><a href=\"https:\/\/zepaiva.com\/en\/ladakh-uma-expedicao-inesquecivel\/\" class=\"eael-post-elements-readmore-btn\">Leia mais<\/a><\/div>\n                            <\/div><div class=\"eael-entry-header-after style-two\"><div class=\"eael-entry-meta\"><span class=\"eael-meta-posted-on\"><i class=\"far fa-clock\"><\/i><time datetime=\"April 7, 2025\">April 7, 2025<\/time><\/span><\/div><\/div><\/div><\/div>\n    <\/div>\n<\/article><article class=\"eael-grid-post eael-post-grid-column\" data-id=\"14292\">\n    <div class=\"eael-grid-post-holder\">\n        <div class=\"eael-grid-post-holder-inner\"><div class=\"eael-entry-media\"><div class=\"eael-entry-overlay fade-in\"><i class=\"fas fa-long-arrow-alt-right\" aria-hidden=\"true\"><\/i><a href=\"https:\/\/zepaiva.com\/en\/veja-como-foi-a-oficina-de-fotografia-contemplativa-2\/\"><\/a><\/div><div class=\"eael-entry-thumbnail eael-image-ratio\">\n                            <img loading=\"lazy\" decoding=\"async\" width=\"700\" height=\"933\" src=\"https:\/\/zepaiva.com\/wp-content\/uploads\/2024\/08\/whatsapp-image-2024-08-17-at-22.13.17-3-768x1024.jpeg\" class=\"attachment-large size-large wp-image-16801\" alt=\"\" srcset=\"https:\/\/zepaiva.com\/wp-content\/uploads\/2024\/08\/whatsapp-image-2024-08-17-at-22.13.17-3-768x1024.jpeg 768w, https:\/\/zepaiva.com\/wp-content\/uploads\/2024\/08\/whatsapp-image-2024-08-17-at-22.13.17-3-225x300.jpeg 225w, https:\/\/zepaiva.com\/wp-content\/uploads\/2024\/08\/whatsapp-image-2024-08-17-at-22.13.17-3-1152x1536.jpeg 1152w, https:\/\/zepaiva.com\/wp-content\/uploads\/2024\/08\/whatsapp-image-2024-08-17-at-22.13.17-3-9x12.jpeg 9w, https:\/\/zepaiva.com\/wp-content\/uploads\/2024\/08\/whatsapp-image-2024-08-17-at-22.13.17-3-700x933.jpeg 700w, https:\/\/zepaiva.com\/wp-content\/uploads\/2024\/08\/whatsapp-image-2024-08-17-at-22.13.17-3-300x400.jpeg 300w, https:\/\/zepaiva.com\/wp-content\/uploads\/2024\/08\/whatsapp-image-2024-08-17-at-22.13.17-3.jpeg 1200w\" sizes=\"(max-width: 700px) 100vw, 700px\" \/>\n                            <\/div>\n                    <\/div><div class=\"eael-entry-wrapper\"><header class=\"eael-entry-header\"><h2 class=\"eael-entry-title\"><a class=\"eael-grid-post-link\" href=\"https:\/\/zepaiva.com\/en\/veja-como-foi-a-oficina-de-fotografia-contemplativa-2\/\" title=\"Veja como foi a oficina de fotografia contemplativa\">Veja como foi a oficina de fotografia contemplativa<\/a><\/h2><\/header><div class=\"eael-entry-content\">\n                                <div class=\"eael-grid-post-excerpt\"><p>Nos dias 16, 17 e 18 de agosto, tivemos uma oficina de fotografia contemplativa oferecida pelo fot\u00f3grafo Z\u00e9 Paiva no CEBB Mendjila, um centro de estudos...<\/p><a href=\"https:\/\/zepaiva.com\/en\/veja-como-foi-a-oficina-de-fotografia-contemplativa-2\/\" class=\"eael-post-elements-readmore-btn\">Leia mais<\/a><\/div>\n                            <\/div><div class=\"eael-entry-header-after style-two\"><div class=\"eael-entry-meta\"><span class=\"eael-meta-posted-on\"><i class=\"far fa-clock\"><\/i><time datetime=\"August 21, 2024\">August 21, 2024<\/time><\/span><\/div><\/div><\/div><\/div>\n    <\/div>\n<\/article><article class=\"eael-grid-post eael-post-grid-column\" data-id=\"14048\">\n    <div class=\"eael-grid-post-holder\">\n        <div class=\"eael-grid-post-holder-inner\"><div class=\"eael-entry-media\"><div class=\"eael-entry-overlay fade-in\"><i class=\"fas fa-long-arrow-alt-right\" aria-hidden=\"true\"><\/i><a href=\"https:\/\/zepaiva.com\/en\/veja-como-foram-as-expedicoes-jalapao-e-araguaia-2024\/\"><\/a><\/div><div class=\"eael-entry-thumbnail eael-image-ratio\">\n                            <img loading=\"lazy\" decoding=\"async\" width=\"700\" height=\"467\" src=\"https:\/\/zepaiva.com\/wp-content\/uploads\/2024\/06\/vista23d01673-1024x683.webp\" class=\"attachment-large size-large wp-image-16803\" alt=\"\" srcset=\"https:\/\/zepaiva.com\/wp-content\/uploads\/2024\/06\/vista23d01673-1024x683.webp 1024w, https:\/\/zepaiva.com\/wp-content\/uploads\/2024\/06\/vista23d01673-300x200.webp 300w, https:\/\/zepaiva.com\/wp-content\/uploads\/2024\/06\/vista23d01673-768x512.webp 768w, https:\/\/zepaiva.com\/wp-content\/uploads\/2024\/06\/vista23d01673-18x12.webp 18w, https:\/\/zepaiva.com\/wp-content\/uploads\/2024\/06\/vista23d01673-700x467.webp 700w, https:\/\/zepaiva.com\/wp-content\/uploads\/2024\/06\/vista23d01673-900x600.webp 900w, https:\/\/zepaiva.com\/wp-content\/uploads\/2024\/06\/vista23d01673-600x400.webp 600w, https:\/\/zepaiva.com\/wp-content\/uploads\/2024\/06\/vista23d01673.webp 1200w\" sizes=\"(max-width: 700px) 100vw, 700px\" \/>\n                            <\/div>\n                    <\/div><div class=\"eael-entry-wrapper\"><header class=\"eael-entry-header\"><h2 class=\"eael-entry-title\"><a class=\"eael-grid-post-link\" href=\"https:\/\/zepaiva.com\/en\/veja-como-foram-as-expedicoes-jalapao-e-araguaia-2024\/\" title=\"veja como foram as expedi\u00e7\u00f5es jalap\u00e3o e araguaia 2024\">veja como foram as expedi\u00e7\u00f5es jalap\u00e3o e araguaia 2024<\/a><\/h2><\/header><div class=\"eael-entry-content\">\n                                <div class=\"eael-grid-post-excerpt\"><p>No in\u00edcio de junho Z\u00e9 Paiva liderou a segunda Expedi\u00e7\u00e3o Fotogr\u00e1fica Jalap\u00e3o. Dessa vez o roteiro aumentou de 4 para 5 dias e foram inclu\u00eddas novas...<\/p><a href=\"https:\/\/zepaiva.com\/en\/veja-como-foram-as-expedicoes-jalapao-e-araguaia-2024\/\" class=\"eael-post-elements-readmore-btn\">Leia mais<\/a><\/div>\n                            <\/div><div class=\"eael-entry-header-after style-two\"><div class=\"eael-entry-meta\"><span class=\"eael-meta-posted-on\"><i class=\"far fa-clock\"><\/i><time datetime=\"June 24, 2024\">June 24, 2024<\/time><\/span><\/div><\/div><\/div><\/div>\n    <\/div>\n<\/article><\/div>\n            <div class=\"clearfix\"><\/div>\n        <\/div>            <div class=\"eael-load-more-button-wrap\">\n                <button class=\"eael-load-more-button\" id=\"eael-load-more-btn-a8da471\" data-widget-id=\"a8da471\" data-widget=\"a8da471\" data-page-id=\"11079\" data-template=\"{&quot;dir&quot;:&quot;lite&quot;,&quot;file_name&quot;:&quot;two.php&quot;,&quot;name&quot;:&quot;Post-Grid&quot;}\" data-class=\"Essential_Addons_Elementor\\Elements\\Post_Grid\" data-layout=\"masonry\" data-page=\"1\" data-args=\"orderby=date&amp;order=desc&amp;ignore_sticky_posts=1&amp;post_status=publish&amp;posts_per_page=6&amp;offset=0&amp;post_type=post\" data-max-page=\"46\">\n                    <span class=\"eael-btn-loader button__loader\"><\/span>\n                    <span class=\"eael_load_more_text\">Carregar mais<\/span>\n                <\/button>\n            <\/div>\n            \t\t\t\t<\/div>\n\t\t\t\t<\/div>\n\t\t\t\t\t<\/div>\n\t\t\t\t<\/div>\n\t\t<div data-particle_enable=\"false\" data-particle-mobile-disabled=\"false\" class=\"elementor-element elementor-element-7e501011 e-flex e-con-boxed e-con e-parent\" data-id=\"7e501011\" data-element_type=\"container\">\n\t\t\t\t\t<div class=\"e-con-inner\">\n\t\t\t\t<div class=\"elementor-element elementor-element-45e04ad elementor-widget elementor-widget-image\" data-id=\"45e04ad\" data-element_type=\"widget\" data-widget_type=\"image.default\">\n\t\t\t\t<div class=\"elementor-widget-container\">\n\t\t\t\t\t\t\t\t\t\t\t\t\t\t\t<img loading=\"lazy\" decoding=\"async\" width=\"260\" height=\"106\" src=\"https:\/\/zepaiva.com\/wp-content\/uploads\/2025\/02\/logo2.png\" class=\"attachment-large size-large wp-image-16215\" alt=\"\" srcset=\"https:\/\/zepaiva.com\/wp-content\/uploads\/2025\/02\/logo2.png 260w, https:\/\/zepaiva.com\/wp-content\/uploads\/2025\/02\/logo2-18x7.png 18w\" sizes=\"(max-width: 260px) 100vw, 260px\" \/>\t\t\t\t\t\t\t\t\t\t\t\t\t\t\t<\/div>\n\t\t\t\t<\/div>\n\t\t\t\t<div class=\"elementor-element elementor-element-45dcb0f1 elementor-widget elementor-widget-text-editor\" data-id=\"45dcb0f1\" data-element_type=\"widget\" data-widget_type=\"text-editor.default\">\n\t\t\t\t<div class=\"elementor-widget-container\">\n\t\t\t\t\t\t\t\t\t<p>\u00a9 All rights reserved \u2013 Z\u00e9 Paiva \u2013 2025<\/p>\t\t\t\t\t\t\t\t<\/div>\n\t\t\t\t<\/div>\n\t\t\t\t<div class=\"elementor-element elementor-element-407be8fc elementor-widget elementor-widget-text-editor\" data-id=\"407be8fc\" data-element_type=\"widget\" data-widget_type=\"text-editor.default\">\n\t\t\t\t<div class=\"elementor-widget-container\">\n\t\t\t\t\t\t\t\t\t<p>Website developed by <a href=\"http:\/\/behance.net\/pasinatto\">Matheus Pasinatto<\/a><\/p>\t\t\t\t\t\t\t\t<\/div>\n\t\t\t\t<\/div>\n\t\t\t\t\t<\/div>\n\t\t\t\t<\/div>\n\t\t\t\t<\/div>","protected":false},"excerpt":{"rendered":"<p>BLOG Resid\u00eancia art\u00edstica na Enseada Em dezembro de 2024 fui convidado pela produtora cultural Liliana Reid e pelo fot\u00f3grafo Fernando Bueno para uma resid\u00eancia art\u00edstica na Enseada do Brito, em Palho\u00e7a,&#8230; Leia mais abril 8, 2025 Ladakh, uma expedi\u00e7\u00e3o inesquec\u00edvel! Em 2024 fiz minha primeira expedi\u00e7\u00e3o fotogr\u00e1fica para esse lugar incr\u00edvel chamado Ladakh, que fica &hellip; <a href=\"https:\/\/zepaiva.com\/en\/veja-como-foram-as-expedicoes-jalapao-e-araguaia-2024\/\" class=\"more-link\">Continue reading <span class=\"screen-reader-text\">veja como foram as expedi\u00e7\u00f5es jalap\u00e3o e araguaia 2024<\/span> <span class=\"meta-nav\">&rarr;<\/span><\/a><\/p>","protected":false},"author":1,"featured_media":0,"parent":0,"menu_order":0,"comment_status":"closed","ping_status":"closed","template":"","meta":{"footnotes":""},"class_list":["post-11079","page","type-page","status-publish","hentry"],"jetpack_sharing_enabled":true,"_links":{"self":[{"href":"https:\/\/zepaiva.com\/en\/wp-json\/wp\/v2\/pages\/11079","targetHints":{"allow":["GET"]}}],"collection":[{"href":"https:\/\/zepaiva.com\/en\/wp-json\/wp\/v2\/pages"}],"about":[{"href":"https:\/\/zepaiva.com\/en\/wp-json\/wp\/v2\/types\/page"}],"author":[{"embeddable":true,"href":"https:\/\/zepaiva.com\/en\/wp-json\/wp\/v2\/users\/1"}],"replies":[{"embeddable":true,"href":"https:\/\/zepaiva.com\/en\/wp-json\/wp\/v2\/comments?post=11079"}],"version-history":[{"count":45,"href":"https:\/\/zepaiva.com\/en\/wp-json\/wp\/v2\/pages\/11079\/revisions"}],"predecessor-version":[{"id":20364,"href":"https:\/\/zepaiva.com\/en\/wp-json\/wp\/v2\/pages\/11079\/revisions\/20364"}],"wp:attachment":[{"href":"https:\/\/zepaiva.com\/en\/wp-json\/wp\/v2\/media?parent=11079"}],"curies":[{"name":"wp","href":"https:\/\/api.w.org\/{rel}","templated":true}]}}