{"id":2,"date":"2009-06-20T22:52:03","date_gmt":"2009-06-20T22:52:03","guid":{"rendered":"https:\/\/zepaiva.com\/biografia\/"},"modified":"2025-02-20T17:40:49","modified_gmt":"2025-02-20T17:40:49","slug":"biografia-old","status":"publish","type":"page","link":"https:\/\/zepaiva.com\/en\/biografia-old\/","title":{"rendered":"Biography"},"content":{"rendered":"<div class=\"wp-block-image wp-image-3194 size-large\">\n<figure class=\"aligncenter\"><img decoding=\"async\" src=\"https:\/\/zepaiva.wordpress.com\/wp-content\/uploads\/2009\/06\/ze-paiva-jplucena-5baixa.jpg?w=1080\" alt=\"\" class=\"wp-image-3194\"\/><figcaption class=\"wp-element-caption\">Foto de Jo\u00e3o Paulo Lucena feita no Rinc\u00e3o Gaia &#8211; Rio Pardo RS em outubro 2016.<\/figcaption><\/figure><\/div>\n\n\n<p>Nasci em 1961 e sou fot\u00f3grafo profissional desde 1984. Estudei Engenharia Mec\u00e2nica em Porto Alegre, Rio Grande do Sul, onde nasci. Depois de me formar, pus a mochila nas costas e fiz uma longa viagem pela Europa e Norte da \u00c1frica, em 1983. Na volta estava decidido que n\u00e3o seria engenheiro, mas n\u00e3o sabia bem com o que trabalhar. Tinha v\u00e1rios planos mas depois de tr\u00eas meses j\u00e1 estava estagiando na sucursal do jornal &#8220;O Globo&#8221; em Porto Alegre. L\u00e1 aprendi laborat\u00f3rio preto &amp; branco com Eduardo Vieira da Cunha, hoje um renomado pintor, e Baru Derquin, um fot\u00f3grafo bageense (da terra da minha fam\u00edlia). Trabalhei algum tempo no jornal Zero Hora e em 1985 me mudei para Florian\u00f3polis. A ideia era trabalhar no jornal que o grupo RBS iria abrir em Florian\u00f3polis, o Di\u00e1rio Catarinense.<\/p>\n\n\n\n<p>Documentei as obras de implanta\u00e7\u00e3o do jornal mas depois de alguns meses conheci um publicit\u00e1rio e descobri que existia uma car\u00eancia de fot\u00f3grafos nesta \u00e1rea na cidade. Como eu havia feito um est\u00e1gio num est\u00fadio em Porto Alegre arrisquei abrir o meu pr\u00f3prio em Florian\u00f3polis, e deu certo. Durante muitos anos me dediquei a fotografia publicit\u00e1ria chegando a fazer grandes campanhas nacionais. Depois de muitos anos cansei da rotina de est\u00fadio. Levava uma &#8220;vida dupla&#8221;, pois durante a semana era um fot\u00f3grafo de publicidade e nos finais de semana fazia fotografias de natureza como hobby.<\/p>\n\n\n\n<p>Durante esse per\u00edodo dei aulas de fotografia na Universidade Estadual de Santa Catarina UDESC para o curso de artes e na Funda\u00e7\u00e3o Universidade Regional de Blumenau, no curso de publicidade. Finalmente resolvi mudar de vida e investir no meu trabalho autoral. Foi uma mudan\u00e7a lenta e gradual. J\u00e1 lancei cinco livros. O primeiro, pela Editora Escrituras, chama-se Santa Catarina Cores e Sentimentos. O segundo, um projeto pessoal, saiu pela Editora Letras Contempor\u00e2neas em 2005, com o t\u00edtulo &#8220;Expedi\u00e7\u00e3o Natureza Santa Catarina&#8221;. O terceiro saiu em 2008, uma co-edi\u00e7\u00e3o entre a <a href=\"http:\/\/www.vistaimagens.com.br\" target=\"_blank\" rel=\"noreferrer noopener\">Vista<\/a>, my company, and Editora <a href=\"http:\/\/www.metalivros.com.br\/\" target=\"_blank\" rel=\"noopener\">Metalivros<\/a> de S\u00e3o Paulo, e chama-se Expedi\u00e7\u00e3o Natureza Ga\u00facha. Em 2012 lancei o quarto livro, chamado Expedi\u00e7\u00e3o Natureza Tocantins. O quinto livro saiu em 2024 e se chama Expedi\u00e7\u00e3o Natureza da Ilha. J\u00e1 expus meu trabalho em v\u00e1rias cidades do Brasil mas destaco o projeto &#8220;Bichos do Sul&#8221;, em parceria com o SESC, que circulou por 20 cidades de Santa Catarina e foi visto por mais de 70 mil pessoas.<\/p>\n\n\n\n<p>Em 2009 tr\u00eas fotos deste livro foram selecionadas para a <a href=\"https:\/\/masp.org.br\/exposicoes\/17a-edicao-80-anos-da-pirelli-no-brasil\" target=\"_blank\" rel=\"noreferrer noopener\">Pirelli Masp Collection<\/a> and five photos were finalists for the <a href=\"https:\/\/www.fcw.org.br\/premiofotografia\" target=\"_blank\" rel=\"noreferrer noopener\">Conrado Wessel Award.<\/a>.\u00a0Em 2012 \u00a0lancei o terceiro livro da s\u00e9rie:\u00a0<a href=\"https:\/\/zepaiva.com\/en\/livros\/\" target=\"_blank\" rel=\"noreferrer noopener\">Expedi\u00e7\u00e3o Tocantins<\/a>.\u00a0Em 2012 fui contemplado com o <a href=\"http:\/\/zepaiva.com\/en\/vencedor-do-premio-marc-ferrez-fotografo-ze-paiva-expoe-no-masc\/\" target=\"_blank\" rel=\"noreferrer noopener\">Marc Ferrez Award by FUNARTE<\/a> pelo projeto &#8220;Iluminados. personagens da Ilha de Santa Catarina&#8221;, que expus em 2013 no MASC, Museu de Arte de Santa Catarina. Al\u00e9m dos projetos de livros e exposi\u00e7\u00f5es, licencio minhas fotos atrav\u00e9s da <a href=\"http:\/\/www.pulsarimagens.com.br\/foto-video\/zp?procurar=zp&amp;tipo=0&amp;direito-imagem=&amp;autorizacao-imagem=&amp;depois-ano=&amp;anterior-ano=&amp;orientacao=&amp;tipo-video=&amp;autor=&amp;pais=&amp;estado=&amp;cidade=&amp;regiao=&amp;pagina=1&amp;id=0&amp;codigo-imagem=0&amp;ordenar=3\">Pulsar Imagens<\/a>, sell <a href=\"https:\/\/zepaiva.com\/en\/fineart\/\" target=\"_blank\" rel=\"noreferrer noopener\">fine art photographs<\/a>\u00a0and organize <a href=\"https:\/\/zepaiva.com\/en\/agenda\/\" target=\"_blank\" rel=\"noopener\">photographic expeditions.<\/a>.\u00a0Baixe o curr\u00edculo completo em <a href=\"https:\/\/zepaiva.wordpress.com\/wp-content\/uploads\/2019\/05\/2018-curriculo-zepaiva.pdf\" target=\"_blank\" rel=\"noopener\">PDF<\/a>.<\/p>","protected":false},"excerpt":{"rendered":"<p>Nasci em 1961 e sou fot\u00f3grafo profissional desde 1984. Estudei Engenharia Mec\u00e2nica em Porto Alegre, Rio Grande do Sul, onde nasci. Depois de me formar, pus a mochila nas costas e fiz uma longa viagem pela Europa e Norte da \u00c1frica, em 1983. Na volta estava decidido que n\u00e3o seria engenheiro, mas n\u00e3o sabia bem &hellip; <a href=\"https:\/\/zepaiva.com\/en\/biografia-old\/\" class=\"more-link\">Continue reading <span class=\"screen-reader-text\">Biography<\/span> <span class=\"meta-nav\">&rarr;<\/span><\/a><\/p>","protected":false},"author":1,"featured_media":0,"parent":0,"menu_order":6,"comment_status":"open","ping_status":"closed","template":"","meta":{"footnotes":""},"class_list":["post-2","page","type-page","status-publish","hentry"],"jetpack_sharing_enabled":true,"_links":{"self":[{"href":"https:\/\/zepaiva.com\/en\/wp-json\/wp\/v2\/pages\/2","targetHints":{"allow":["GET"]}}],"collection":[{"href":"https:\/\/zepaiva.com\/en\/wp-json\/wp\/v2\/pages"}],"about":[{"href":"https:\/\/zepaiva.com\/en\/wp-json\/wp\/v2\/types\/page"}],"author":[{"embeddable":true,"href":"https:\/\/zepaiva.com\/en\/wp-json\/wp\/v2\/users\/1"}],"replies":[{"embeddable":true,"href":"https:\/\/zepaiva.com\/en\/wp-json\/wp\/v2\/comments?post=2"}],"version-history":[{"count":2,"href":"https:\/\/zepaiva.com\/en\/wp-json\/wp\/v2\/pages\/2\/revisions"}],"predecessor-version":[{"id":16420,"href":"https:\/\/zepaiva.com\/en\/wp-json\/wp\/v2\/pages\/2\/revisions\/16420"}],"wp:attachment":[{"href":"https:\/\/zepaiva.com\/en\/wp-json\/wp\/v2\/media?parent=2"}],"curies":[{"name":"wp","href":"https:\/\/api.w.org\/{rel}","templated":true}]}}