{"id":3931,"date":"2018-06-15T22:26:04","date_gmt":"2018-06-16T01:26:04","guid":{"rendered":"http:\/\/zepaiva.com\/?page_id=3931"},"modified":"2025-02-20T17:30:30","modified_gmt":"2025-02-20T17:30:30","slug":"mentoria","status":"publish","type":"page","link":"https:\/\/zepaiva.com\/en\/agenda\/mentoria\/","title":{"rendered":"Mentoria"},"content":{"rendered":"<figure class=\"wp-block-image alignnone wp-image-3982 size-full\"><img decoding=\"async\" src=\"https:\/\/zepaiva.wordpress.com\/wp-content\/uploads\/2018\/07\/mentoria.jpg\" alt=\"\" class=\"wp-image-3982\" \/><figcaption>Aula na ESPM &#8211; Porto Alegre &#8211; Foto de Schari Kozak.<\/figcaption><\/figure>\n\n\n\n<p>Com a experi\u00eancia acumulada em mais de 30 anos de atividade profissional (<a href=\"http:\/\/zepaiva.com\/en\/biografia\/\" target=\"_blank\" rel=\"noopener\">confira a biografia aqui<\/a>) Z\u00e9 Paiva pode orientar jovens fot\u00f3grafos na melhor forma de desenvolver os seus projetos.<\/p>\n\n\n\n<p>A mentoria ser\u00e1 oferecida online na forma de sess\u00f5es de duas horas cada, sem prazo definido de dura\u00e7\u00e3o, podendo ser customizada de acordo com o projeto.<\/p>\n\n\n\n<p>Envie um email para <a href=\"mailto:ze@vistaimagens.com.br\">ze@vistaimagens.com.br<\/a> para combinar os detalhes.<\/p>\n\n\n\n<p><a href=\"http:\/\/zepaiva.com\/en\/como-funciona-a-mentoria-em-fotografia\/\">\u2022 Confira o case de sucesso de Ricardo Binfar\u00e9 e seu \u201cGuia Ilustrado da Flora da Restinga de Santa Catarina\u201d.<\/a><\/p>","protected":false},"excerpt":{"rendered":"<p>Com a experi\u00eancia acumulada em mais de 30 anos de atividade profissional (confira a biografia aqui) Z\u00e9 Paiva pode orientar jovens fot\u00f3grafos na melhor forma de desenvolver os seus projetos. A mentoria ser\u00e1 oferecida online na forma de sess\u00f5es de duas horas cada, sem prazo definido de dura\u00e7\u00e3o, podendo ser customizada de acordo com o &hellip; <a href=\"https:\/\/zepaiva.com\/en\/agenda\/mentoria\/\" class=\"more-link\">Continue reading <span class=\"screen-reader-text\">Mentoria<\/span> <span class=\"meta-nav\">&rarr;<\/span><\/a><\/p>","protected":false},"author":1,"featured_media":0,"parent":728,"menu_order":0,"comment_status":"closed","ping_status":"closed","template":"","meta":{"footnotes":""},"class_list":["post-3931","page","type-page","status-publish","hentry"],"jetpack_sharing_enabled":true,"_links":{"self":[{"href":"https:\/\/zepaiva.com\/en\/wp-json\/wp\/v2\/pages\/3931","targetHints":{"allow":["GET"]}}],"collection":[{"href":"https:\/\/zepaiva.com\/en\/wp-json\/wp\/v2\/pages"}],"about":[{"href":"https:\/\/zepaiva.com\/en\/wp-json\/wp\/v2\/types\/page"}],"author":[{"embeddable":true,"href":"https:\/\/zepaiva.com\/en\/wp-json\/wp\/v2\/users\/1"}],"replies":[{"embeddable":true,"href":"https:\/\/zepaiva.com\/en\/wp-json\/wp\/v2\/comments?post=3931"}],"version-history":[{"count":1,"href":"https:\/\/zepaiva.com\/en\/wp-json\/wp\/v2\/pages\/3931\/revisions"}],"predecessor-version":[{"id":16404,"href":"https:\/\/zepaiva.com\/en\/wp-json\/wp\/v2\/pages\/3931\/revisions\/16404"}],"up":[{"embeddable":true,"href":"https:\/\/zepaiva.com\/en\/wp-json\/wp\/v2\/pages\/728"}],"wp:attachment":[{"href":"https:\/\/zepaiva.com\/en\/wp-json\/wp\/v2\/media?parent=3931"}],"curies":[{"name":"wp","href":"https:\/\/api.w.org\/{rel}","templated":true}]}}