{"id":6764,"date":"2019-02-06T14:57:35","date_gmt":"2019-02-06T17:57:35","guid":{"rendered":"http:\/\/zepaiva.com\/?page_id=6764"},"modified":"2019-02-06T14:57:35","modified_gmt":"2019-02-06T17:57:35","slug":"cancelamento","status":"publish","type":"page","link":"https:\/\/zepaiva.com\/en\/agenda\/cancelamento\/","title":{"rendered":"Pol\u00edtica de Cancelamento"},"content":{"rendered":"<p>Para ver toda a agenda completa de expedi\u00e7\u00f5es e oficinas de Z\u00e9 Paiva, <a href=\"https:\/\/zepaiva.com\/en\/agenda\/\">clique aqui.<\/a><\/p>\n\n\n\n<p>Abaixo, confira a pol\u00edtica de cancelamento padr\u00e3o para as expedi\u00e7\u00f5es fotogr\u00e1ficas realizadas em parceria com a Brazil Trails:<\/p>\n\n\n\n<h3 class=\"wp-block-heading\">Pol\u00edtica de cancelamento:<\/h3>\n\n\n\n<p>A desist\u00eancia volunt\u00e1ria por parte do cliente antes da viagem dever\u00e1 ser formalizada por escrito e enviado \u00e0 <a href=\"mailto:renata@braziltrails.com\">renata@braziltrails.com<\/a> . Nesta situa\u00e7\u00e3o, independente do prazo ou da anteced\u00eancia, o valor referente \u00e0 inscri\u00e7\u00e3o de 15% do valor total n\u00e3o ser\u00e1 devolvido (valor para bloqueio de hot\u00e9is e demais reservas). Os valores restantes pagos seguir\u00e3o pol\u00edtica de acordo com o abaixo:<\/p>\n\n\n\n<p>&gt; At\u00e9 60 dias do in\u00edcio da viagem: 80% do valor total;<\/p>\n\n\n\n<p>&gt; At\u00e9 40 dias do in\u00edcio da viagem: 30% do valor total;<\/p>\n\n\n\n<p>&gt; Ap\u00f3s esta data: Sem devolu\u00e7\u00e3o.<\/p>\n\n\n\n<p>O n\u00e3o comparecimento na data, hora e local de apresenta\u00e7\u00e3o determinados para o encontro ser\u00e1 considerado no-show, implicando na perda total do valor pago.<\/p>\n\n\n\n<p>O passageiro que, por livre e espont\u00e2nea vontade, se desligar do grupo durante a viagem ou trocar a hospedagem contratada, assumir\u00e1 toda e qualquer despesa decorrente dessa atitude, sem o direito a reembolso.<\/p>\n\n\n\n<p>Sobre o valor da multa ser\u00e3o adicionados, se houver:<br>\n\u2022 taxas da administradora (se pago com cart\u00e3o de cr\u00e9dito)<br>\n\u2022 tarifa de DOC (se a conta de cr\u00e9dito n\u00e3o for no Banco Bradesco).<\/p>\n\n\n\n<p>N\u00e3o nos responsabilizamos por custos de remarca\u00e7\u00e3o e\/ou cancelamento de passagens a\u00e9reas e\/ou reservas de hospedagem al\u00e9m daquelas inclu\u00eddas no pacote.<\/p>\n\n\n\n<p>Reservamo-nos o direito de cancelar o tour no caso de condi\u00e7\u00f5es clim\u00e1ticas que possam interferir na seguran\u00e7a dos viajantes.<\/p>\n\n\n\n<figure class=\"wp-block-image is-style-default\"><img decoding=\"async\" src=\"https:\/\/zepaiva.wordpress.com\/wp-content\/uploads\/2018\/12\/3.jpg\" alt=\"3\" class=\"wp-image-5125\" \/><\/figure>","protected":false},"excerpt":{"rendered":"<p>Para ver toda a agenda completa de expedi\u00e7\u00f5es e oficinas de Z\u00e9 Paiva, clique aqui. Abaixo, confira a pol\u00edtica de cancelamento padr\u00e3o para as expedi\u00e7\u00f5es fotogr\u00e1ficas realizadas em parceria com a Brazil Trails: Pol\u00edtica de cancelamento: A desist\u00eancia volunt\u00e1ria por parte do cliente antes da viagem dever\u00e1 ser formalizada por escrito e enviado \u00e0 renata@braziltrails.com &hellip; <a href=\"https:\/\/zepaiva.com\/en\/agenda\/cancelamento\/\" class=\"more-link\">Continue reading <span class=\"screen-reader-text\">Pol\u00edtica de Cancelamento<\/span> <span class=\"meta-nav\">&rarr;<\/span><\/a><\/p>","protected":false},"author":1,"featured_media":0,"parent":728,"menu_order":2,"comment_status":"closed","ping_status":"closed","template":"","meta":{"footnotes":""},"class_list":["post-6764","page","type-page","status-publish","hentry"],"jetpack_sharing_enabled":false,"_links":{"self":[{"href":"https:\/\/zepaiva.com\/en\/wp-json\/wp\/v2\/pages\/6764","targetHints":{"allow":["GET"]}}],"collection":[{"href":"https:\/\/zepaiva.com\/en\/wp-json\/wp\/v2\/pages"}],"about":[{"href":"https:\/\/zepaiva.com\/en\/wp-json\/wp\/v2\/types\/page"}],"author":[{"embeddable":true,"href":"https:\/\/zepaiva.com\/en\/wp-json\/wp\/v2\/users\/1"}],"replies":[{"embeddable":true,"href":"https:\/\/zepaiva.com\/en\/wp-json\/wp\/v2\/comments?post=6764"}],"version-history":[{"count":0,"href":"https:\/\/zepaiva.com\/en\/wp-json\/wp\/v2\/pages\/6764\/revisions"}],"up":[{"embeddable":true,"href":"https:\/\/zepaiva.com\/en\/wp-json\/wp\/v2\/pages\/728"}],"wp:attachment":[{"href":"https:\/\/zepaiva.com\/en\/wp-json\/wp\/v2\/media?parent=6764"}],"curies":[{"name":"wp","href":"https:\/\/api.w.org\/{rel}","templated":true}]}}