{"id":705,"date":"2011-01-11T13:10:09","date_gmt":"2011-01-11T16:10:09","guid":{"rendered":"http:\/\/zepaiva.wordpress.com\/?page_id=705"},"modified":"2025-02-20T17:14:51","modified_gmt":"2025-02-20T17:14:51","slug":"livros","status":"publish","type":"page","link":"https:\/\/zepaiva.com\/en\/livros\/","title":{"rendered":"Livros"},"content":{"rendered":"<figure class=\"wp-block-image size-medium\"><img decoding=\"async\" src=\"https:\/\/zepaiva.wordpress.com\/wp-content\/uploads\/2018\/02\/mosaico-livros-web1.jpg\" alt=\"\" class=\"wp-image-3741\"\/><\/figure>\n\n\n\n<p>Z\u00e9 Paiva j\u00e1 publicou 3 livros at\u00e9 hoje:<\/p>\n\n\n\n<ul class=\"wp-block-list\">\n<li><strong><a href=\"https:\/\/zepaiva.com\/en\/lancamento-do-livro-expedicao-natureza-santa-catarina-no-museu-historico\/\" target=\"_blank\" rel=\"noreferrer noopener\">Santa Catarina Nature Expedition<\/a><\/strong> &#8211; Editora Letras Contempor\u00e2neas &#8211; 2005<\/li>\n\n\n\n<li><strong><a href=\"https:\/\/zepaiva.com\/en\/galerias\/expedicao-natureza-gaucha\/\" target=\"_blank\" rel=\"noreferrer noopener\">Ga\u00facha Nature Expedition<\/a><\/strong> &#8211; Metalivros &#8211; 2008<\/li>\n\n\n\n<li><strong><a href=\"https:\/\/zepaiva.com\/en\/galerias\/expedicao-natureza-tocantins\/\" target=\"_blank\" rel=\"noreferrer noopener\">Tocantins Nature Expedition<\/a><\/strong> &#8211; FM Editorial &#8211; 2012<\/li>\n<\/ul>\n\n\n\n<p><a href=\"https:\/\/produto.mercadolivre.com.br\/MLB-1536348862-livro-de-fotografia-expedico-natureza-tocantins-_JM\" target=\"_blank\" rel=\"noreferrer noopener\">Para comprar o livro Expedi\u00e7\u00e3o Natureza Tocantins clique aqui.<\/a><\/p>\n\n\n\n<p><\/p>","protected":false},"excerpt":{"rendered":"<p>Z\u00e9 Paiva j\u00e1 publicou 3 livros at\u00e9 hoje: Para comprar o livro Expedi\u00e7\u00e3o Natureza Tocantins clique aqui.<\/p>","protected":false},"author":1,"featured_media":0,"parent":0,"menu_order":5,"comment_status":"open","ping_status":"closed","template":"","meta":{"footnotes":""},"class_list":["post-705","page","type-page","status-publish","hentry"],"jetpack_sharing_enabled":true,"_links":{"self":[{"href":"https:\/\/zepaiva.com\/en\/wp-json\/wp\/v2\/pages\/705","targetHints":{"allow":["GET"]}}],"collection":[{"href":"https:\/\/zepaiva.com\/en\/wp-json\/wp\/v2\/pages"}],"about":[{"href":"https:\/\/zepaiva.com\/en\/wp-json\/wp\/v2\/types\/page"}],"author":[{"embeddable":true,"href":"https:\/\/zepaiva.com\/en\/wp-json\/wp\/v2\/users\/1"}],"replies":[{"embeddable":true,"href":"https:\/\/zepaiva.com\/en\/wp-json\/wp\/v2\/comments?post=705"}],"version-history":[{"count":1,"href":"https:\/\/zepaiva.com\/en\/wp-json\/wp\/v2\/pages\/705\/revisions"}],"predecessor-version":[{"id":16361,"href":"https:\/\/zepaiva.com\/en\/wp-json\/wp\/v2\/pages\/705\/revisions\/16361"}],"wp:attachment":[{"href":"https:\/\/zepaiva.com\/en\/wp-json\/wp\/v2\/media?parent=705"}],"curies":[{"name":"wp","href":"https:\/\/api.w.org\/{rel}","templated":true}]}}