{"id":738,"date":"2011-01-17T11:49:46","date_gmt":"2011-01-17T14:49:46","guid":{"rendered":"http:\/\/zepaiva.wordpress.com\/?page_id=738"},"modified":"2025-02-20T18:23:03","modified_gmt":"2025-02-20T18:23:03","slug":"fineart","status":"publish","type":"page","link":"https:\/\/zepaiva.com\/en\/fineart\/","title":{"rendered":"Fine Art"},"content":{"rendered":"<figure class=\"wp-block-image alignnone wp-image-3685 size-large\"><img decoding=\"async\" src=\"https:\/\/zepaiva.wordpress.com\/wp-content\/uploads\/2018\/01\/mg_2465.jpg?w=736\" alt=\"\" class=\"wp-image-3685\"\/><figcaption class=\"wp-element-caption\">Exposi\u00e7\u00e3o Natureza Ga\u00facha na Sala O Arquip\u00e9lago,  <br>Centro de Cultura Erico Verissimo, Porto Alegre RS. Foto de Fernanda Coelho<\/figcaption><\/figure>\n\n\n\n<h2 class=\"wp-block-heading\">O conceito<\/h2>\n\n\n\n<p>Fine Art \u00e9 um termo que est\u00e1 sendo muito usado hoje em dia na fotografia mas ainda gera um pouco de confus\u00e3o, ent\u00e3o vamos come\u00e7ar definindo do que se trata:<\/p>\n\n\n\n<p>Fotografia Fine Art seria aquela fotografia autoral, ou seja, que expressa a cria\u00e7\u00e3o art\u00edstica e pessoal de um fot\u00f3grafo, impressa segundo padr\u00f5es museol\u00f3gicos e com tiragem limitada, o que a torna colecion\u00e1vel e com valor de mercado.<\/p>\n\n\n\n<h2 class=\"wp-block-heading\">O processo<\/h2>\n\n\n\n<p>Nossas fotografias fine art s\u00e3o impressas em papel 100% algod\u00e3o <em>Hahnem\u00fchle<\/em>, PH neutro, com pigmentos minerais (durabilidade prevista de 100 anos sem altera\u00e7\u00f5es dependendo das condi\u00e7\u00f5es ambientais).<\/p>\n\n\n\n<p>Acompanha um certificado de autenticidade  que atesta a autoria, o material usado, quem foi o <em>printer<\/em> e outros detalhes. A tiragem de cada foto \u00e9 limitada a 10 unidades de cada formato.<\/p>\n\n\n\n<h2 class=\"wp-block-heading\">As fotografias<\/h2>\n\n\n\n<p>Veja nas galerias as s\u00e9ries que est\u00e3o dispon\u00edveis para venda.<\/p>\n\n\n\n<div class=\"wp-block-buttons is-layout-flex wp-block-buttons-is-layout-flex\">\n<div class=\"wp-block-button\"><a style=\"color:#ffffff; margin-top:20px; margin-bottom:20px;\" class=\"wp-block-button__link wp-element-button\" href=\"https:\/\/zepaiva.com\/en\/galerias\/\">Acessar galerias<\/a><\/div>\n<\/div>\n\n\n\n<p><strong><a rel=\"noopener\" href=\"http:\/\/zepaiva.com\/en\/expedicao-california-nos-passos-de-ansel-e-weston\/\" target=\"_blank\">Veja aqui a nova cole\u00e7\u00e3o de fotografias fine art: &#8220;Expedi\u00e7\u00e3o Calif\u00f3rnia&#8221;<\/a>.<\/strong><\/p>\n\n\n\n<p>Veja tamb\u00e9m aqui a <a href=\"https:\/\/zepaiva.com\/en\/fotografia-fine-art-na-revista-fotografe-melhor\/\" target=\"_blank\" rel=\"noopener\">mat\u00e9ria que saiu na revista Fotografe Melhor sobre o assunto.<\/a><\/p>\n\n\n\n<p><\/p>","protected":false},"excerpt":{"rendered":"<p>O conceito Fine Art \u00e9 um termo que est\u00e1 sendo muito usado hoje em dia na fotografia mas ainda gera um pouco de confus\u00e3o, ent\u00e3o vamos come\u00e7ar definindo do que se trata: Fotografia Fine Art seria aquela fotografia autoral, ou seja, que expressa a cria\u00e7\u00e3o art\u00edstica e pessoal de um fot\u00f3grafo, impressa segundo padr\u00f5es museol\u00f3gicos &hellip; <a href=\"https:\/\/zepaiva.com\/en\/fineart\/\" class=\"more-link\">Continue reading <span class=\"screen-reader-text\">Fine Art<\/span> <span class=\"meta-nav\">&rarr;<\/span><\/a><\/p>","protected":false},"author":1,"featured_media":0,"parent":0,"menu_order":3,"comment_status":"open","ping_status":"closed","template":"","meta":{"footnotes":""},"class_list":["post-738","page","type-page","status-publish","hentry"],"jetpack_sharing_enabled":true,"_links":{"self":[{"href":"https:\/\/zepaiva.com\/en\/wp-json\/wp\/v2\/pages\/738","targetHints":{"allow":["GET"]}}],"collection":[{"href":"https:\/\/zepaiva.com\/en\/wp-json\/wp\/v2\/pages"}],"about":[{"href":"https:\/\/zepaiva.com\/en\/wp-json\/wp\/v2\/types\/page"}],"author":[{"embeddable":true,"href":"https:\/\/zepaiva.com\/en\/wp-json\/wp\/v2\/users\/1"}],"replies":[{"embeddable":true,"href":"https:\/\/zepaiva.com\/en\/wp-json\/wp\/v2\/comments?post=738"}],"version-history":[{"count":5,"href":"https:\/\/zepaiva.com\/en\/wp-json\/wp\/v2\/pages\/738\/revisions"}],"predecessor-version":[{"id":16438,"href":"https:\/\/zepaiva.com\/en\/wp-json\/wp\/v2\/pages\/738\/revisions\/16438"}],"wp:attachment":[{"href":"https:\/\/zepaiva.com\/en\/wp-json\/wp\/v2\/media?parent=738"}],"curies":[{"name":"wp","href":"https:\/\/api.w.org\/{rel}","templated":true}]}}