{"id":744,"date":"2011-01-17T12:10:40","date_gmt":"2011-01-17T15:10:40","guid":{"rendered":"http:\/\/zepaiva.wordpress.com\/?page_id=744"},"modified":"2011-01-17T12:10:40","modified_gmt":"2011-01-17T15:10:40","slug":"servicos","status":"publish","type":"page","link":"https:\/\/zepaiva.com\/en\/servicos\/","title":{"rendered":"Servi\u00e7os"},"content":{"rendered":"<figure class=\"wp-block-image\"><img decoding=\"async\" src=\"https:\/\/zepaiva.wordpress.com\/wp-content\/uploads\/2018\/01\/img_1780.jpg?w=736\" alt=\"\" class=\"wp-image-3692\" \/><figcaption>Z\u00e9 Paiva fotografando na Lagoa dos Patos, Tavares RS, durante a Expedi\u00e7\u00e3o Fotogr\u00e1fica Santu\u00e1rio das Aves &#8211; foto de V\u00e2nia Passos.<\/figcaption><\/figure>\n\n\n\n<ul class=\"wp-block-list\"><li><strong><a rel=\"noreferrer noopener\" href=\"https:\/\/zepaiva.com\/en\/fineart\/\" target=\"_blank\">Fotografia Fine Art:<\/a><\/strong> Cole\u00e7\u00f5es de fotografia para decora\u00e7\u00e3o. <\/li><li><strong><a rel=\"noreferrer noopener\" href=\"https:\/\/zepaiva.com\/en\/contato\/\" target=\"_blank\">Banco de Imagens:<\/a><\/strong> Acervo de fotos dos mais diversos assuntos,&nbsp;fruto do trabalho do fot\u00f3grafo, coordenador da VISTA IMAGENS. Contate-nos para solicitar sua pesquisa.<\/li><li><a rel=\"noreferrer noopener\" href=\"https:\/\/zepaiva.com\/en\/agenda\/\" target=\"_blank\"><strong>Oficinas e expedi\u00e7\u00f5es fotogr\u00e1ficas:<\/strong> <\/a>Veja nossa programa\u00e7\u00e3o.<\/li><li>Produ\u00e7\u00e3o de imagens: &nbsp;Fotografia de natureza, retratos, editorial. arquitetura e industrial.&nbsp;Fa\u00e7a o seu or\u00e7amento na <a rel=\"noreferrer noopener\" href=\"https:\/\/zepaiva.com\/en\/contato\/\" target=\"_blank\">p\u00e1gina de contato<\/a> ou no email&nbsp;<a href=\"mailto:ze@vistaimagens.com.br\">ze@vistaimagens.com.br<\/a><\/li><li><strong><a rel=\"noreferrer noopener\" href=\"https:\/\/zepaiva.com\/en\/contato\/\" target=\"_blank\">Projetos customizados:<\/a><\/strong> Assessoria para a realiza\u00e7\u00e3o de projetos de livros, revistas, portf\u00f3lios e produtos multim\u00eddia, de acordo com as necessidades de sua empresa. <a rel=\"noreferrer noopener\" href=\"https:\/\/zepaiva.com\/en\/contato\/\" target=\"_blank\">Saiba mais. <\/a><\/li><\/ul>","protected":false},"excerpt":{"rendered":"<p>Fotografia Fine Art: Cole\u00e7\u00f5es de fotografia para decora\u00e7\u00e3o. Banco de Imagens: Acervo de fotos dos mais diversos assuntos,&nbsp;fruto do trabalho do fot\u00f3grafo, coordenador da VISTA IMAGENS. Contate-nos para solicitar sua pesquisa. Oficinas e expedi\u00e7\u00f5es fotogr\u00e1ficas: Veja nossa programa\u00e7\u00e3o. Produ\u00e7\u00e3o de imagens: &nbsp;Fotografia de natureza, retratos, editorial. arquitetura e industrial.&nbsp;Fa\u00e7a o seu or\u00e7amento na p\u00e1gina de &hellip; <a href=\"https:\/\/zepaiva.com\/en\/servicos\/\" class=\"more-link\">Continue reading <span class=\"screen-reader-text\">Servi\u00e7os<\/span> <span class=\"meta-nav\">&rarr;<\/span><\/a><\/p>","protected":false},"author":1,"featured_media":0,"parent":0,"menu_order":4,"comment_status":"open","ping_status":"open","template":"","meta":{"footnotes":""},"class_list":["post-744","page","type-page","status-publish","hentry"],"jetpack_sharing_enabled":true,"_links":{"self":[{"href":"https:\/\/zepaiva.com\/en\/wp-json\/wp\/v2\/pages\/744","targetHints":{"allow":["GET"]}}],"collection":[{"href":"https:\/\/zepaiva.com\/en\/wp-json\/wp\/v2\/pages"}],"about":[{"href":"https:\/\/zepaiva.com\/en\/wp-json\/wp\/v2\/types\/page"}],"author":[{"embeddable":true,"href":"https:\/\/zepaiva.com\/en\/wp-json\/wp\/v2\/users\/1"}],"replies":[{"embeddable":true,"href":"https:\/\/zepaiva.com\/en\/wp-json\/wp\/v2\/comments?post=744"}],"version-history":[{"count":0,"href":"https:\/\/zepaiva.com\/en\/wp-json\/wp\/v2\/pages\/744\/revisions"}],"wp:attachment":[{"href":"https:\/\/zepaiva.com\/en\/wp-json\/wp\/v2\/media?parent=744"}],"curies":[{"name":"wp","href":"https:\/\/api.w.org\/{rel}","templated":true}]}}