{"id":9877,"date":"2020-06-09T16:52:28","date_gmt":"2020-06-09T19:52:28","guid":{"rendered":"http:\/\/zepaiva.com\/?page_id=9877"},"modified":"2025-02-20T17:41:10","modified_gmt":"2025-02-20T17:41:10","slug":"expedicao-natureza-tocantins","status":"publish","type":"page","link":"https:\/\/zepaiva.com\/en\/galerias-antiga\/expedicao-natureza-tocantins\/","title":{"rendered":"Tocantins Nature Expedition"},"content":{"rendered":"<div class=\"wp-block-jetpack-tiled-gallery alignfull is-style-square\"><div class=\"tiled-gallery__gallery\"><div class=\"tiled-gallery__row columns-4\"><div class=\"tiled-gallery__col\"><figure class=\"tiled-gallery__item\"><img decoding=\"async\" alt=\"\" data-height=\"1063\" data-id=\"9897\" data-link=\"https:\/\/zepaiva.com\/galerias\/expedicao-natureza-tocantins\/parque-nacional-do-araguaia-17\/\" data-url=\"https:\/\/zepaiva.wordpress.com\/wp-content\/uploads\/2020\/06\/vista11d02505.jpg\" data-width=\"1600\" src=\"https:\/\/zepaiva.wordpress.com\/wp-content\/uploads\/2020\/06\/vista11d02505.jpg?resize=1063%2C1063\" data-amp-layout=\"responsive\" \/><\/figure><\/div><div class=\"tiled-gallery__col\"><figure class=\"tiled-gallery__item\"><img decoding=\"async\" alt=\"\" data-height=\"1063\" data-id=\"9898\" data-link=\"https:\/\/zepaiva.com\/galerias\/expedicao-natureza-tocantins\/parque-estadual-do-cantao-20\/\" data-url=\"https:\/\/zepaiva.wordpress.com\/wp-content\/uploads\/2020\/06\/vista11d02778.jpg\" data-width=\"1600\" src=\"https:\/\/zepaiva.wordpress.com\/wp-content\/uploads\/2020\/06\/vista11d02778.jpg?resize=1063%2C1063\" data-amp-layout=\"responsive\" \/><\/figure><\/div><div class=\"tiled-gallery__col\"><figure class=\"tiled-gallery__item\"><img decoding=\"async\" alt=\"\" data-height=\"1063\" data-id=\"9888\" data-link=\"https:\/\/zepaiva.com\/galerias\/expedicao-natureza-tocantins\/parque-nacional-do-araguaia-14\/\" data-url=\"https:\/\/zepaiva.wordpress.com\/wp-content\/uploads\/2020\/06\/vista10d10034.jpg\" data-width=\"1600\" src=\"https:\/\/zepaiva.wordpress.com\/wp-content\/uploads\/2020\/06\/vista10d10034.jpg?resize=1063%2C1063\" data-amp-layout=\"responsive\" \/><\/figure><\/div><div class=\"tiled-gallery__col\"><figure class=\"tiled-gallery__item\"><img decoding=\"async\" alt=\"\" data-height=\"1600\" data-id=\"9893\" data-link=\"https:\/\/zepaiva.com\/galerias\/expedicao-natureza-tocantins\/estacao-ecologica-da-serra-geral-4\/\" data-url=\"https:\/\/zepaiva.wordpress.com\/wp-content\/uploads\/2020\/06\/vista10d12498.jpg\" data-width=\"1063\" src=\"https:\/\/zepaiva.wordpress.com\/wp-content\/uploads\/2020\/06\/vista10d12498.jpg?resize=1063%2C1063\" data-amp-layout=\"responsive\" \/><\/figure><\/div><\/div><div class=\"tiled-gallery__row columns-4\"><div class=\"tiled-gallery__col\"><figure class=\"tiled-gallery__item\"><img decoding=\"async\" alt=\"\" data-height=\"1063\" data-id=\"9883\" data-link=\"https:\/\/zepaiva.com\/galerias\/expedicao-natureza-tocantins\/monumento-natural-das-arvores-fossilizadas-monaf\/\" data-url=\"https:\/\/zepaiva.wordpress.com\/wp-content\/uploads\/2020\/06\/vista10d04615.jpg\" data-width=\"1600\" src=\"https:\/\/zepaiva.wordpress.com\/wp-content\/uploads\/2020\/06\/vista10d04615.jpg?resize=1063%2C1063\" data-amp-layout=\"responsive\" \/><\/figure><\/div><div class=\"tiled-gallery__col\"><figure class=\"tiled-gallery__item\"><img decoding=\"async\" alt=\"\" data-height=\"1063\" data-id=\"9894\" data-link=\"https:\/\/zepaiva.com\/galerias\/expedicao-natureza-tocantins\/estacao-ecologica-da-serra-geral-5\/\" data-url=\"https:\/\/zepaiva.wordpress.com\/wp-content\/uploads\/2020\/06\/vista10d13001.jpg\" data-width=\"1600\" src=\"https:\/\/zepaiva.wordpress.com\/wp-content\/uploads\/2020\/06\/vista10d13001.jpg?resize=1063%2C1063\" data-amp-layout=\"responsive\" \/><\/figure><\/div><div class=\"tiled-gallery__col\"><figure class=\"tiled-gallery__item\"><img decoding=\"async\" alt=\"\" data-height=\"1600\" data-id=\"9881\" data-link=\"https:\/\/zepaiva.com\/galerias\/expedicao-natureza-tocantins\/caminho-para-o-mirante-3\/\" data-url=\"https:\/\/zepaiva.wordpress.com\/wp-content\/uploads\/2020\/06\/vista10d04101.jpg\" data-width=\"1063\" src=\"https:\/\/zepaiva.wordpress.com\/wp-content\/uploads\/2020\/06\/vista10d04101.jpg?resize=1063%2C1063\" data-amp-layout=\"responsive\" \/><\/figure><\/div><div class=\"tiled-gallery__col\"><figure class=\"tiled-gallery__item\"><img decoding=\"async\" alt=\"\" data-height=\"1063\" data-id=\"9890\" data-link=\"https:\/\/zepaiva.com\/galerias\/expedicao-natureza-tocantins\/parque-nacional-do-araguaia-16\/\" data-url=\"https:\/\/zepaiva.wordpress.com\/wp-content\/uploads\/2020\/06\/vista10d11060.jpg\" data-width=\"1600\" src=\"https:\/\/zepaiva.wordpress.com\/wp-content\/uploads\/2020\/06\/vista10d11060.jpg?resize=1063%2C1063\" data-amp-layout=\"responsive\" \/><\/figure><\/div><\/div><div class=\"tiled-gallery__row columns-4\"><div class=\"tiled-gallery__col\"><figure class=\"tiled-gallery__item\"><img decoding=\"async\" alt=\"\" data-height=\"1063\" data-id=\"9884\" data-link=\"https:\/\/zepaiva.com\/galerias\/expedicao-natureza-tocantins\/parque-estadual-do-cantao-17\/\" data-url=\"https:\/\/zepaiva.wordpress.com\/wp-content\/uploads\/2020\/06\/vista10d08828.jpg\" data-width=\"1600\" src=\"https:\/\/zepaiva.wordpress.com\/wp-content\/uploads\/2020\/06\/vista10d08828.jpg?resize=1063%2C1063\" data-amp-layout=\"responsive\" \/><\/figure><\/div><div class=\"tiled-gallery__col\"><figure class=\"tiled-gallery__item\"><img decoding=\"async\" alt=\"\" data-height=\"1063\" data-id=\"9886\" data-link=\"https:\/\/zepaiva.com\/galerias\/expedicao-natureza-tocantins\/parque-estadual-do-cantao-19\/\" data-url=\"https:\/\/zepaiva.wordpress.com\/wp-content\/uploads\/2020\/06\/vista10d09593.jpg\" data-width=\"1600\" src=\"https:\/\/zepaiva.wordpress.com\/wp-content\/uploads\/2020\/06\/vista10d09593.jpg?resize=1063%2C1063\" data-amp-layout=\"responsive\" \/><\/figure><\/div><div class=\"tiled-gallery__col\"><figure class=\"tiled-gallery__item\"><img decoding=\"async\" alt=\"\" data-height=\"1600\" data-id=\"9880\" data-link=\"https:\/\/zepaiva.com\/galerias\/expedicao-natureza-tocantins\/area-de-protecao-ambiental-serra-do-lajeado-7\/\" data-url=\"https:\/\/zepaiva.wordpress.com\/wp-content\/uploads\/2020\/06\/vista10d03721.jpg\" data-width=\"1063\" src=\"https:\/\/zepaiva.wordpress.com\/wp-content\/uploads\/2020\/06\/vista10d03721.jpg?resize=1063%2C1063\" data-amp-layout=\"responsive\" \/><\/figure><\/div><div class=\"tiled-gallery__col\"><figure class=\"tiled-gallery__item\"><img decoding=\"async\" alt=\"\" data-height=\"1063\" data-id=\"9879\" data-link=\"https:\/\/zepaiva.com\/galerias\/expedicao-natureza-tocantins\/area-de-protecao-ambiental-serra-do-lajeado-6\/\" data-url=\"https:\/\/zepaiva.wordpress.com\/wp-content\/uploads\/2020\/06\/vista10d03697.jpg\" data-width=\"1600\" src=\"https:\/\/zepaiva.wordpress.com\/wp-content\/uploads\/2020\/06\/vista10d03697.jpg?resize=1063%2C1063\" data-amp-layout=\"responsive\" \/><\/figure><\/div><\/div><div class=\"tiled-gallery__row columns-4\"><div class=\"tiled-gallery__col\"><figure class=\"tiled-gallery__item\"><img decoding=\"async\" alt=\"\" data-height=\"1063\" data-id=\"9885\" data-link=\"https:\/\/zepaiva.com\/galerias\/expedicao-natureza-tocantins\/parque-estadual-do-cantao-18\/\" data-url=\"https:\/\/zepaiva.wordpress.com\/wp-content\/uploads\/2020\/06\/vista10d08886.jpg\" data-width=\"1600\" src=\"https:\/\/zepaiva.wordpress.com\/wp-content\/uploads\/2020\/06\/vista10d08886.jpg?resize=1063%2C1063\" data-amp-layout=\"responsive\" \/><\/figure><\/div><div class=\"tiled-gallery__col\"><figure class=\"tiled-gallery__item\"><img decoding=\"async\" alt=\"\" data-height=\"1600\" data-id=\"9882\" data-link=\"https:\/\/zepaiva.com\/galerias\/expedicao-natureza-tocantins\/caminho-para-o-mirante-4\/\" data-url=\"https:\/\/zepaiva.wordpress.com\/wp-content\/uploads\/2020\/06\/vista10d04150.jpg\" data-width=\"1063\" src=\"https:\/\/zepaiva.wordpress.com\/wp-content\/uploads\/2020\/06\/vista10d04150.jpg?resize=1063%2C1063\" data-amp-layout=\"responsive\" \/><\/figure><\/div><div class=\"tiled-gallery__col\"><figure class=\"tiled-gallery__item\"><img decoding=\"async\" alt=\"\" data-height=\"1071\" data-id=\"9889\" data-link=\"https:\/\/zepaiva.com\/galerias\/expedicao-natureza-tocantins\/parque-nacional-do-araguaia-15\/\" data-url=\"https:\/\/zepaiva.wordpress.com\/wp-content\/uploads\/2020\/06\/vista10d11059.jpg\" data-width=\"1600\" src=\"https:\/\/zepaiva.wordpress.com\/wp-content\/uploads\/2020\/06\/vista10d11059.jpg?resize=1071%2C1071\" data-amp-layout=\"responsive\" \/><\/figure><\/div><div class=\"tiled-gallery__col\"><figure class=\"tiled-gallery__item\"><img decoding=\"async\" alt=\"\" data-height=\"1063\" data-id=\"9896\" data-link=\"https:\/\/zepaiva.com\/galerias\/expedicao-natureza-tocantins\/lagoa-bonita-rio-da-conceicao-tocantins-foto-de-ze-paiva-vista-imagens-2\/\" data-url=\"https:\/\/zepaiva.wordpress.com\/wp-content\/uploads\/2020\/06\/vista10d13233.jpg\" data-width=\"1600\" src=\"https:\/\/zepaiva.wordpress.com\/wp-content\/uploads\/2020\/06\/vista10d13233.jpg?resize=1063%2C1063\" data-amp-layout=\"responsive\" \/><\/figure><\/div><\/div><div class=\"tiled-gallery__row columns-4\"><div class=\"tiled-gallery__col\"><figure class=\"tiled-gallery__item\"><img decoding=\"async\" alt=\"\" data-height=\"1600\" data-id=\"9895\" data-link=\"https:\/\/zepaiva.com\/galerias\/expedicao-natureza-tocantins\/lagoa-bonita-rio-da-conceicao-tocantins-foto-de-ze-paiva-vista-imagens\/\" data-url=\"https:\/\/zepaiva.wordpress.com\/wp-content\/uploads\/2020\/06\/vista10d13225.jpg\" data-width=\"1071\" src=\"https:\/\/zepaiva.wordpress.com\/wp-content\/uploads\/2020\/06\/vista10d13225.jpg?resize=1071%2C1071\" data-amp-layout=\"responsive\" \/><\/figure><\/div><div class=\"tiled-gallery__col\"><figure class=\"tiled-gallery__item\"><img decoding=\"async\" alt=\"\" data-height=\"1063\" data-id=\"9887\" data-link=\"https:\/\/zepaiva.com\/galerias\/expedicao-natureza-tocantins\/parque-nacional-do-araguaia-13\/\" data-url=\"https:\/\/zepaiva.wordpress.com\/wp-content\/uploads\/2020\/06\/vista10d09965.jpg\" data-width=\"1600\" src=\"https:\/\/zepaiva.wordpress.com\/wp-content\/uploads\/2020\/06\/vista10d09965.jpg?resize=1063%2C1063\" data-amp-layout=\"responsive\" \/><\/figure><\/div><div class=\"tiled-gallery__col\"><figure class=\"tiled-gallery__item\"><img decoding=\"async\" alt=\"\" data-height=\"1071\" data-id=\"9892\" data-link=\"https:\/\/zepaiva.com\/galerias\/expedicao-natureza-tocantins\/parque-estadual-do-jalapao-8\/\" data-url=\"https:\/\/zepaiva.wordpress.com\/wp-content\/uploads\/2020\/06\/vista10d11641.jpg\" data-width=\"1600\" src=\"https:\/\/zepaiva.wordpress.com\/wp-content\/uploads\/2020\/06\/vista10d11641.jpg?resize=1071%2C1071\" data-amp-layout=\"responsive\" \/><\/figure><\/div><div class=\"tiled-gallery__col\"><figure class=\"tiled-gallery__item\"><img decoding=\"async\" alt=\"\" data-height=\"1071\" data-id=\"9891\" data-link=\"https:\/\/zepaiva.com\/galerias\/expedicao-natureza-tocantins\/lagoa-da-confusao-4\/\" data-url=\"https:\/\/zepaiva.wordpress.com\/wp-content\/uploads\/2020\/06\/vista10d11242.jpg\" data-width=\"1600\" src=\"https:\/\/zepaiva.wordpress.com\/wp-content\/uploads\/2020\/06\/vista10d11242.jpg?resize=1071%2C1071\" data-amp-layout=\"responsive\" \/><\/figure><\/div><\/div><\/div><\/div>\n\n\n\n<p>This project was developed between 2010 and 2011. <a href=\"https:\/\/zepaiva.com\/en\/lancamento-do-livro-expedicao-tocantins-em-palmas-e-porto-alegre\/\" target=\"_blank\" rel=\"noreferrer noopener\">It resulted in a book and an exhibition curated by Rosely Nakagawa<\/a>, which were launched in 2012 at the Pal\u00e1cio Araguaia, in Palmas, Tocantins, north of Brazil. <a href=\"https:\/\/zepaiva.com\/en\/canela-foto-workshops-2\/\" data-type=\"link\" data-id=\"https:\/\/zepaiva.com\/canela-foto-workshops-2\/s\" target=\"_blank\" rel=\"noreferrer noopener\">In 2013, the exhibition was shown at the Canela Foto Workshops<\/a> e entre 2015 e 2016 circulou em 8 cidades catarinenses pelo SESC. As fotografias desta galeria est\u00e3o dispon\u00edvel para venda no formato <em>fine art photographs<\/em>. Saiba mais clicando no bot\u00e3o abaixo.<\/p>\n\n\n\n<div class=\"wp-block-buttons is-layout-flex wp-block-buttons-is-layout-flex\">\n<div class=\"wp-block-button\"><a class=\"wp-block-button__link has-background wp-element-button\" href=\"https:\/\/zepaiva.com\/en\/fineart\/\" style=\"background-color:#659736\">fine art photographs<\/a><\/div>\n<\/div>\n\n\n\n<h2 class=\"wp-block-heading\">Texto da curadora <\/h2>\n\n\n\n<p>Until the 19th century, the image of the landscape was a kind of synthesis of the relationships between a set of biophysical determinants and the action of organized man in societies bearing a historicity, a culture, and technological evolution.<\/p>\n\n\n\n<p>Almost always framed by a rural and traditional society, landscape painting gave us back the security of a stable, coherent, recognizable knowledge in lasting balance.<\/p>\n\n\n\n<p>With photography, the recording of the landscape was transformed into recognition of the marks of time, of the relevant constructions of history, of the survey of material resources.<\/p>\n\n\n\n<p>In recent years, we have witnessed profound and radical transformations: violent urbanization, devastated territories, regions at risk, transformed landscapes.<\/p>\n\n\n\n<p>The role of the photographer has also changed radically. From surveying wealth, he has begun to denounce the deconstruction of the landscape as a threat to civilization and culture.<\/p>\n\n\n\n<p>Z\u00e9 Paiva, a hunter of images, transforms the landscape into images of great power and beauty. He shows the landscape as an object of contemplation without failing to show human action and the need for balance.<\/p>\n\n\n\n<p>The Tocantins Nature Expedition shows the challenge of this delicate coexistence between actions and contradictions, between strength and delicacy, in a constant struggle between man and himself in a stunning landscape that is constantly changing.<\/p>\n\n\n\n<p>Rosely Nakagawa<br>Curadora<\/p>","protected":false},"excerpt":{"rendered":"<p>Este projeto foi desenvolvido entre 2010 e 2011. Resultou num livro e numa exposi\u00e7\u00e3o com curadoria de Rosely Nakagawa, que foram lan\u00e7ados em 2012 no Pal\u00e1cio Araguaia, em Palmas, Tocantins. Em 2013 a exposi\u00e7\u00e3o foi exibida no Canela Foto Workshops e entre 2015 e 2016 circulou em 8 cidades catarinenses pelo SESC. As fotografias desta &hellip; <a href=\"https:\/\/zepaiva.com\/en\/galerias-antiga\/expedicao-natureza-tocantins\/\" class=\"more-link\">Continue reading <span class=\"screen-reader-text\">Tocantins Nature Expedition<\/span> <span class=\"meta-nav\">&rarr;<\/span><\/a><\/p>","protected":false},"author":1,"featured_media":0,"parent":9846,"menu_order":2,"comment_status":"closed","ping_status":"closed","template":"","meta":{"footnotes":""},"class_list":["post-9877","page","type-page","status-publish","hentry"],"jetpack_sharing_enabled":true,"_links":{"self":[{"href":"https:\/\/zepaiva.com\/en\/wp-json\/wp\/v2\/pages\/9877","targetHints":{"allow":["GET"]}}],"collection":[{"href":"https:\/\/zepaiva.com\/en\/wp-json\/wp\/v2\/pages"}],"about":[{"href":"https:\/\/zepaiva.com\/en\/wp-json\/wp\/v2\/types\/page"}],"author":[{"embeddable":true,"href":"https:\/\/zepaiva.com\/en\/wp-json\/wp\/v2\/users\/1"}],"replies":[{"embeddable":true,"href":"https:\/\/zepaiva.com\/en\/wp-json\/wp\/v2\/comments?post=9877"}],"version-history":[{"count":2,"href":"https:\/\/zepaiva.com\/en\/wp-json\/wp\/v2\/pages\/9877\/revisions"}],"predecessor-version":[{"id":16419,"href":"https:\/\/zepaiva.com\/en\/wp-json\/wp\/v2\/pages\/9877\/revisions\/16419"}],"up":[{"embeddable":true,"href":"https:\/\/zepaiva.com\/en\/wp-json\/wp\/v2\/pages\/9846"}],"wp:attachment":[{"href":"https:\/\/zepaiva.com\/en\/wp-json\/wp\/v2\/media?parent=9877"}],"curies":[{"name":"wp","href":"https:\/\/api.w.org\/{rel}","templated":true}]}}